{"id":64,"date":"2024-06-09T09:02:18","date_gmt":"2024-06-09T07:02:18","guid":{"rendered":"http:\/\/whizzbang.eu\/?page_id=64"},"modified":"2025-01-05T11:54:46","modified_gmt":"2025-01-05T10:54:46","slug":"stammtisch-fur-expats","status":"publish","type":"page","link":"https:\/\/whizzbang.eu\/de\/stammtisch-fur-expats\/","title":{"rendered":"An alle Auswanderer, lasst uns zusammenkommen"},"content":{"rendered":"<figure class=\"wp-block-image\"><img loading=\"lazy\" decoding=\"async\" width=\"3420\" height=\"1934\" src=\"https:\/\/whizzbang.eu\/wp-content\/uploads\/2025\/01\/Bildschirmfoto-2025-01-05-um-11.23.42.png\" alt=\"\" class=\"wp-image-524\" srcset=\"https:\/\/whizzbang.eu\/wp-content\/uploads\/2025\/01\/Bildschirmfoto-2025-01-05-um-11.23.42.png 3420w, https:\/\/whizzbang.eu\/wp-content\/uploads\/2025\/01\/Bildschirmfoto-2025-01-05-um-11.23.42-300x170.png 300w, https:\/\/whizzbang.eu\/wp-content\/uploads\/2025\/01\/Bildschirmfoto-2025-01-05-um-11.23.42-1024x579.png 1024w, https:\/\/whizzbang.eu\/wp-content\/uploads\/2025\/01\/Bildschirmfoto-2025-01-05-um-11.23.42-768x434.png 768w, https:\/\/whizzbang.eu\/wp-content\/uploads\/2025\/01\/Bildschirmfoto-2025-01-05-um-11.23.42-1536x869.png 1536w, https:\/\/whizzbang.eu\/wp-content\/uploads\/2025\/01\/Bildschirmfoto-2025-01-05-um-11.23.42-2048x1158.png 2048w, https:\/\/whizzbang.eu\/wp-content\/uploads\/2025\/01\/Bildschirmfoto-2025-01-05-um-11.23.42-18x10.png 18w\" sizes=\"auto, (max-width: 3420px) 100vw, 3420px\" \/><figcaption class=\"wp-element-caption\">Kassel, Deutschland<\/figcaption><\/figure>\n\n\n\n<p>Die deutsche Sprache ist bekannt daf\u00fcr, skurrile W\u00f6rter hervorzubringen, wie das \"Rindfleischetikettierungs\u00fcberwachungsaufgaben\u00fcbertragungsgesetz\" (das ein <a href=\"https:\/\/en.wikipedia.org\/wiki\/Rinderkennzeichnungs-_und_Rindfleischetikettierungs\u00fcberwachungsaufgaben\u00fcbertragungsgesetz\">aktuelles Gesetz, abgek\u00fcrzt als RkRe\u00dcA\u00dcG<\/a>), aber oft entstehen auch sehr nette Sachen, wie \"<strong>Kindergarten<\/strong>\", \"<strong>Fernweh<\/strong>\" (<a href=\"https:\/\/www.arte.tv\/fr\/videos\/111210-000-A\/wanderlust\/\">arte.tv<\/a>), \"<strong>Wegbier<\/strong>\" (<a href=\"https:\/\/www.arte.tv\/fr\/videos\/109973-000-A\/le-wegbier\/\">arte.tv<\/a>), \"<strong>Ohrwurm<\/strong>\" (<a href=\"https:\/\/www.arte.tv\/fr\/videos\/109751-000-A\/ohrwurm\/\">arte.tv<\/a>), \"<strong>Sp\u00e4ti<\/strong>\" (<a href=\"https:\/\/www.arte.tv\/fr\/videos\/107615-000-A\/le-spaeti\/\">arte.tv<\/a>), \"<strong>Feierabend<\/strong>\" (<a href=\"https:\/\/www.arte.tv\/fr\/videos\/122722-000-A\/feierabend\/\">arte.tv<\/a>), auch. Eines der Worte, die uns wichtig sind, ist \"<strong>Stammtisch<\/strong>\", oder wie wir es nennen \"shdammtish\", wobei der Plural sowohl \"shdammtishs\" als auch \"shdammtishes\" lautet. <\/p>\n\n\n\n<p>\"Shdamtish\" verspottet offensichtlich das deutsche Wort \"Stammtisch\", also lassen Sie uns das erkl\u00e4ren: \"Stammtisch\" bezeichnet in der Regel ein unf\u00f6rmliches, aber regelm\u00e4\u00dfiges Treffen an einem \u00f6ffentlichen Ort (oft ein Restaurant), das ein gewisses Ma\u00df an \"Gem\u00fctlichkeit\" bietet. Wenn Sie aus einem Land kommen, in dem es eine Kneipentradition gibt, denken Sie an \"Expats in der Kneipe\", aber es kann auch ein Caf\u00e9, ein sozialer Club oder eine B\u00e4ckerei sein, und es muss kein Alkohol im Spiel sein und Sie k\u00f6nnen einfach vorbeikommen. Traditionell war der Stammtisch der Ort, an dem sich die \u00f6rtliche Dorfelite traf, z.B. der Arzt, der Lehrer, der Pfarrer, der Bauer und der Ladenbesitzer, aber er war auch offen f\u00fcr andere, die mitmachen wollten. An einem Stammtisch wurde gescherzt und diskutiert, wobei es kaum Tabus gab. Dort kann man \u00fcber alles reden, was mit Politik, Religion oder anderen heiklen Themen zu tun hat, aber unter der Bedingung, dass man sich zwar streitet, aber immer freundlich und ohne Groll auseinandergeht. An einem Stammtisch kann es also manchmal Streit geben, aber am Ende.<\/p>\n\n\n\n<p>W\u00e4hrend wir wenig Wert auf den gesellschaftlichen Hintergrund legen, haben Sie bei uns die M\u00f6glichkeit, Teil einer lebendigen Gemeinschaft zu werden.&nbsp;<strong>Expat-Gemeinde<\/strong>! Und Sie k\u00f6nnen andere Auswanderer in Ihrer Umgebung kennenlernen, neue Freunde finden und wertvolle Kontakte kn\u00fcpfen. <strong>Austausch<\/strong> <strong>Erfahrungen<\/strong> und <strong>von den Geschichten der anderen lernen<\/strong> und Ratschl\u00e4ge - egal, ob es darum geht, wie man mit der B\u00fcrokratie, den kulturellen Unterschieden oder den Millionen von allt\u00e4glichen Herausforderungen umgeht, denen man als Expat begegnet.<\/p>\n\n\n\n<p>Unsere Stammtische bieten Ihnen daher praktische Tipps und Informationen zu wichtigen Themen wie Verbraucherrechte, Gesundheitssystem und Integration. Gemeinsam stehen wir Ihnen mit Rat und Tat zur Seite, um Ihnen das Leben in Ihrer neuen Umgebung zu erleichtern und angenehmer zu gestalten.<\/p>\n\n\n\n<p><strong>Haben Sie keine Angst vor Sprachbarrieren<\/strong>wird es klappen!<\/p>\n\n\n\n<div class=\"wp-block-buttons is-content-justification-center is-layout-flex wp-container-core-buttons-is-layout-a89b3969 wp-block-buttons-is-layout-flex\">\n<div class=\"wp-block-button\"><a class=\"wp-block-button__link has-text-align-center wp-element-button\" href=\"https:\/\/www.meetup.com\">Weiter zum Meetup...<\/a><\/div>\n<\/div>\n\n\n\n<p class=\"has-text-align-center has-small-font-size\">Wir organisieren unsere \"Stammtische\" auf \"Meetup\".<\/p>\n\n\n\n<div style=\"height:60px\" aria-hidden=\"true\" class=\"wp-block-spacer\"><\/div>\n\n\n\n<figure class=\"wp-block-gallery has-nested-images columns-default is-cropped wp-block-gallery-1 is-layout-flex wp-block-gallery-is-layout-flex\">\n<figure class=\"wp-block-image size-large\"><img loading=\"lazy\" decoding=\"async\" width=\"1024\" height=\"770\" data-id=\"529\" src=\"https:\/\/whizzbang.eu\/wp-content\/uploads\/2025\/01\/Bildschirmfoto-2025-01-05-um-11.34.12-1024x770.png\" alt=\"\" class=\"wp-image-529\" srcset=\"https:\/\/whizzbang.eu\/wp-content\/uploads\/2025\/01\/Bildschirmfoto-2025-01-05-um-11.34.12-1024x770.png 1024w, https:\/\/whizzbang.eu\/wp-content\/uploads\/2025\/01\/Bildschirmfoto-2025-01-05-um-11.34.12-300x226.png 300w, https:\/\/whizzbang.eu\/wp-content\/uploads\/2025\/01\/Bildschirmfoto-2025-01-05-um-11.34.12-768x577.png 768w, https:\/\/whizzbang.eu\/wp-content\/uploads\/2025\/01\/Bildschirmfoto-2025-01-05-um-11.34.12-1536x1155.png 1536w, https:\/\/whizzbang.eu\/wp-content\/uploads\/2025\/01\/Bildschirmfoto-2025-01-05-um-11.34.12-2048x1540.png 2048w, https:\/\/whizzbang.eu\/wp-content\/uploads\/2025\/01\/Bildschirmfoto-2025-01-05-um-11.34.12-16x12.png 16w\" sizes=\"auto, (max-width: 1024px) 100vw, 1024px\" \/><figcaption class=\"wp-element-caption\">Montpellier, Frankreich<\/figcaption><\/figure>\n\n\n\n<figure class=\"wp-block-image size-large\"><img loading=\"lazy\" decoding=\"async\" width=\"1024\" height=\"577\" data-id=\"528\" src=\"https:\/\/whizzbang.eu\/wp-content\/uploads\/2025\/01\/Bildschirmfoto-2025-01-05-um-11.29.57-1024x577.png\" alt=\"\" class=\"wp-image-528\" srcset=\"https:\/\/whizzbang.eu\/wp-content\/uploads\/2025\/01\/Bildschirmfoto-2025-01-05-um-11.29.57-1024x577.png 1024w, https:\/\/whizzbang.eu\/wp-content\/uploads\/2025\/01\/Bildschirmfoto-2025-01-05-um-11.29.57-300x169.png 300w, https:\/\/whizzbang.eu\/wp-content\/uploads\/2025\/01\/Bildschirmfoto-2025-01-05-um-11.29.57-768x433.png 768w, https:\/\/whizzbang.eu\/wp-content\/uploads\/2025\/01\/Bildschirmfoto-2025-01-05-um-11.29.57-1536x866.png 1536w, https:\/\/whizzbang.eu\/wp-content\/uploads\/2025\/01\/Bildschirmfoto-2025-01-05-um-11.29.57-2048x1155.png 2048w, https:\/\/whizzbang.eu\/wp-content\/uploads\/2025\/01\/Bildschirmfoto-2025-01-05-um-11.29.57-18x10.png 18w\" sizes=\"auto, (max-width: 1024px) 100vw, 1024px\" \/><figcaption class=\"wp-element-caption\">Ljubljana, Slowenien<\/figcaption><\/figure>\n\n\n\n<figure class=\"wp-block-image size-large\"><img loading=\"lazy\" decoding=\"async\" width=\"1024\" height=\"742\" data-id=\"527\" src=\"https:\/\/whizzbang.eu\/wp-content\/uploads\/2025\/01\/Bildschirmfoto-2025-01-05-um-11.28.10-1024x742.png\" alt=\"\" class=\"wp-image-527\" srcset=\"https:\/\/whizzbang.eu\/wp-content\/uploads\/2025\/01\/Bildschirmfoto-2025-01-05-um-11.28.10-1024x742.png 1024w, https:\/\/whizzbang.eu\/wp-content\/uploads\/2025\/01\/Bildschirmfoto-2025-01-05-um-11.28.10-300x217.png 300w, https:\/\/whizzbang.eu\/wp-content\/uploads\/2025\/01\/Bildschirmfoto-2025-01-05-um-11.28.10-768x556.png 768w, https:\/\/whizzbang.eu\/wp-content\/uploads\/2025\/01\/Bildschirmfoto-2025-01-05-um-11.28.10-1536x1113.png 1536w, https:\/\/whizzbang.eu\/wp-content\/uploads\/2025\/01\/Bildschirmfoto-2025-01-05-um-11.28.10-2048x1484.png 2048w, https:\/\/whizzbang.eu\/wp-content\/uploads\/2025\/01\/Bildschirmfoto-2025-01-05-um-11.28.10-18x12.png 18w\" sizes=\"auto, (max-width: 1024px) 100vw, 1024px\" \/><figcaption class=\"wp-element-caption\">Kassel, Deutschland<\/figcaption><\/figure>\n\n\n\n<figure class=\"wp-block-image size-large\"><img loading=\"lazy\" decoding=\"async\" width=\"768\" height=\"1024\" data-id=\"526\" src=\"https:\/\/whizzbang.eu\/wp-content\/uploads\/2025\/01\/Bildschirmfoto-2025-01-05-um-11.26.31-768x1024.png\" alt=\"\" class=\"wp-image-526\" srcset=\"https:\/\/whizzbang.eu\/wp-content\/uploads\/2025\/01\/Bildschirmfoto-2025-01-05-um-11.26.31-768x1025.png 768w, https:\/\/whizzbang.eu\/wp-content\/uploads\/2025\/01\/Bildschirmfoto-2025-01-05-um-11.26.31-225x300.png 225w, https:\/\/whizzbang.eu\/wp-content\/uploads\/2025\/01\/Bildschirmfoto-2025-01-05-um-11.26.31-1151x1536.png 1151w, https:\/\/whizzbang.eu\/wp-content\/uploads\/2025\/01\/Bildschirmfoto-2025-01-05-um-11.26.31-1535x2048.png 1535w, https:\/\/whizzbang.eu\/wp-content\/uploads\/2025\/01\/Bildschirmfoto-2025-01-05-um-11.26.31-9x12.png 9w, https:\/\/whizzbang.eu\/wp-content\/uploads\/2025\/01\/Bildschirmfoto-2025-01-05-um-11.26.31.png 1604w\" sizes=\"auto, (max-width: 768px) 100vw, 768px\" \/><figcaption class=\"wp-element-caption\">Avignon, Frankreich<\/figcaption><\/figure>\n\n\n\n<figure class=\"wp-block-image size-large\"><img loading=\"lazy\" decoding=\"async\" width=\"1024\" height=\"743\" data-id=\"525\" src=\"https:\/\/whizzbang.eu\/wp-content\/uploads\/2025\/01\/Bildschirmfoto-2025-01-05-um-11.24.46-1024x743.png\" alt=\"\" class=\"wp-image-525\" srcset=\"https:\/\/whizzbang.eu\/wp-content\/uploads\/2025\/01\/Bildschirmfoto-2025-01-05-um-11.24.46-1024x743.png 1024w, https:\/\/whizzbang.eu\/wp-content\/uploads\/2025\/01\/Bildschirmfoto-2025-01-05-um-11.24.46-300x218.png 300w, https:\/\/whizzbang.eu\/wp-content\/uploads\/2025\/01\/Bildschirmfoto-2025-01-05-um-11.24.46-768x558.png 768w, https:\/\/whizzbang.eu\/wp-content\/uploads\/2025\/01\/Bildschirmfoto-2025-01-05-um-11.24.46-1536x1115.png 1536w, https:\/\/whizzbang.eu\/wp-content\/uploads\/2025\/01\/Bildschirmfoto-2025-01-05-um-11.24.46-2048x1487.png 2048w, https:\/\/whizzbang.eu\/wp-content\/uploads\/2025\/01\/Bildschirmfoto-2025-01-05-um-11.24.46-18x12.png 18w\" sizes=\"auto, (max-width: 1024px) 100vw, 1024px\" \/><figcaption class=\"wp-element-caption\">Augsburg, Deutschland<\/figcaption><\/figure>\n\n\n\n<figure class=\"wp-block-image size-large\"><img loading=\"lazy\" decoding=\"async\" width=\"1024\" height=\"579\" data-id=\"524\" src=\"https:\/\/whizzbang.eu\/wp-content\/uploads\/2025\/01\/Bildschirmfoto-2025-01-05-um-11.23.42-1024x579.png\" alt=\"\" class=\"wp-image-524\" srcset=\"https:\/\/whizzbang.eu\/wp-content\/uploads\/2025\/01\/Bildschirmfoto-2025-01-05-um-11.23.42-1024x579.png 1024w, https:\/\/whizzbang.eu\/wp-content\/uploads\/2025\/01\/Bildschirmfoto-2025-01-05-um-11.23.42-300x170.png 300w, https:\/\/whizzbang.eu\/wp-content\/uploads\/2025\/01\/Bildschirmfoto-2025-01-05-um-11.23.42-768x434.png 768w, https:\/\/whizzbang.eu\/wp-content\/uploads\/2025\/01\/Bildschirmfoto-2025-01-05-um-11.23.42-1536x869.png 1536w, https:\/\/whizzbang.eu\/wp-content\/uploads\/2025\/01\/Bildschirmfoto-2025-01-05-um-11.23.42-2048x1158.png 2048w, https:\/\/whizzbang.eu\/wp-content\/uploads\/2025\/01\/Bildschirmfoto-2025-01-05-um-11.23.42-18x10.png 18w\" sizes=\"auto, (max-width: 1024px) 100vw, 1024px\" \/><figcaption class=\"wp-element-caption\">Br\u00fcssel, Deutschland<\/figcaption><\/figure>\n\n\n\n<figure class=\"wp-block-image size-large\"><img loading=\"lazy\" decoding=\"async\" width=\"768\" height=\"1024\" data-id=\"137\" src=\"https:\/\/whizzbang.eu\/wp-content\/uploads\/2024\/12\/IMG_7318-768x1024.jpg\" alt=\"\" class=\"wp-image-137\" srcset=\"https:\/\/whizzbang.eu\/wp-content\/uploads\/2024\/12\/IMG_7318-768x1024.jpg 768w, https:\/\/whizzbang.eu\/wp-content\/uploads\/2024\/12\/IMG_7318-225x300.jpg 225w, https:\/\/whizzbang.eu\/wp-content\/uploads\/2024\/12\/IMG_7318-1152x1536.jpg 1152w, https:\/\/whizzbang.eu\/wp-content\/uploads\/2024\/12\/IMG_7318-1536x2048.jpg 1536w, https:\/\/whizzbang.eu\/wp-content\/uploads\/2024\/12\/IMG_7318-9x12.jpg 9w, https:\/\/whizzbang.eu\/wp-content\/uploads\/2024\/12\/IMG_7318-scaled.jpg 1920w\" sizes=\"auto, (max-width: 768px) 100vw, 768px\" \/><figcaption class=\"wp-element-caption\">Aachen, Deutschland<\/figcaption><\/figure>\n\n\n\n<figure class=\"wp-block-image size-large\"><img loading=\"lazy\" decoding=\"async\" width=\"768\" height=\"1024\" data-id=\"531\" src=\"https:\/\/whizzbang.eu\/wp-content\/uploads\/2025\/01\/IMG_7450-768x1024.jpg\" alt=\"\" class=\"wp-image-531\" srcset=\"https:\/\/whizzbang.eu\/wp-content\/uploads\/2025\/01\/IMG_7450-768x1024.jpg 768w, https:\/\/whizzbang.eu\/wp-content\/uploads\/2025\/01\/IMG_7450-225x300.jpg 225w, https:\/\/whizzbang.eu\/wp-content\/uploads\/2025\/01\/IMG_7450-1152x1536.jpg 1152w, https:\/\/whizzbang.eu\/wp-content\/uploads\/2025\/01\/IMG_7450-1536x2048.jpg 1536w, https:\/\/whizzbang.eu\/wp-content\/uploads\/2025\/01\/IMG_7450-9x12.jpg 9w, https:\/\/whizzbang.eu\/wp-content\/uploads\/2025\/01\/IMG_7450-scaled.jpg 1920w\" sizes=\"auto, (max-width: 768px) 100vw, 768px\" \/><figcaption class=\"wp-element-caption\">Gent, Belgien<\/figcaption><\/figure>\n\n\n\n<figure class=\"wp-block-image size-large\"><img loading=\"lazy\" decoding=\"async\" width=\"1024\" height=\"768\" data-id=\"532\" src=\"https:\/\/whizzbang.eu\/wp-content\/uploads\/2025\/01\/IMG_0860-1024x768.jpg\" alt=\"\" class=\"wp-image-532\" srcset=\"https:\/\/whizzbang.eu\/wp-content\/uploads\/2025\/01\/IMG_0860-1024x768.jpg 1024w, https:\/\/whizzbang.eu\/wp-content\/uploads\/2025\/01\/IMG_0860-300x225.jpg 300w, https:\/\/whizzbang.eu\/wp-content\/uploads\/2025\/01\/IMG_0860-768x576.jpg 768w, https:\/\/whizzbang.eu\/wp-content\/uploads\/2025\/01\/IMG_0860-1536x1152.jpg 1536w, https:\/\/whizzbang.eu\/wp-content\/uploads\/2025\/01\/IMG_0860-2048x1536.jpg 2048w, https:\/\/whizzbang.eu\/wp-content\/uploads\/2025\/01\/IMG_0860-16x12.jpg 16w\" sizes=\"auto, (max-width: 1024px) 100vw, 1024px\" \/><figcaption class=\"wp-element-caption\">Antwarps, Die Niederlande<\/figcaption><\/figure>\n\n\n\n<figure class=\"wp-block-image size-large\"><img loading=\"lazy\" decoding=\"async\" width=\"1024\" height=\"768\" data-id=\"533\" src=\"https:\/\/whizzbang.eu\/wp-content\/uploads\/2025\/01\/IMG_3186-1024x768.jpg\" alt=\"\" class=\"wp-image-533\" srcset=\"https:\/\/whizzbang.eu\/wp-content\/uploads\/2025\/01\/IMG_3186-1024x768.jpg 1024w, https:\/\/whizzbang.eu\/wp-content\/uploads\/2025\/01\/IMG_3186-300x225.jpg 300w, https:\/\/whizzbang.eu\/wp-content\/uploads\/2025\/01\/IMG_3186-768x576.jpg 768w, https:\/\/whizzbang.eu\/wp-content\/uploads\/2025\/01\/IMG_3186-1536x1152.jpg 1536w, https:\/\/whizzbang.eu\/wp-content\/uploads\/2025\/01\/IMG_3186-2048x1536.jpg 2048w, https:\/\/whizzbang.eu\/wp-content\/uploads\/2025\/01\/IMG_3186-16x12.jpg 16w\" sizes=\"auto, (max-width: 1024px) 100vw, 1024px\" \/><figcaption class=\"wp-element-caption\">Besan\u00e7on, Frankreich<\/figcaption><\/figure>\n<\/figure>\n\n\n\n<p><\/p>","protected":false},"excerpt":{"rendered":"<p>German is well known for producing quirky words, like &#8220;Rindfleisch\u00adetiket\u00adtierungs\u00ad\u00fcber\u00adwachungs\u00adaufgaben\u00ad\u00fcber\u00adtragungs\u00adge\u00adsetz&#8221; (which was an actual law, abbreviated as RkRe\u00dcA\u00dcG), but often it also produces pretty neat ones, like &#8220;Kindergarten&#8220;, &#8220;Wanderlust&#8221; (arte.tv), &#8220;Wegbier&#8221; (arte.tv), &#8220;Ohrwurm&#8221; (arte.tv), &#8220;Sp\u00e4ti&#8221; (arte.tv), &#8220;Feierabend&#8221; (arte.tv), too. One of the words we hold dear is &#8220;Stammtisch&#8220;, or as we call it \u201cshdammtish\u201d, with [&hellip;]<\/p>\n","protected":false},"author":1,"featured_media":524,"parent":0,"menu_order":0,"comment_status":"closed","ping_status":"closed","template":"","meta":{"footnotes":""},"class_list":["post-64","page","type-page","status-publish","has-post-thumbnail","hentry"],"_links":{"self":[{"href":"https:\/\/whizzbang.eu\/de\/wp-json\/wp\/v2\/pages\/64","targetHints":{"allow":["GET"]}}],"collection":[{"href":"https:\/\/whizzbang.eu\/de\/wp-json\/wp\/v2\/pages"}],"about":[{"href":"https:\/\/whizzbang.eu\/de\/wp-json\/wp\/v2\/types\/page"}],"author":[{"embeddable":true,"href":"https:\/\/whizzbang.eu\/de\/wp-json\/wp\/v2\/users\/1"}],"replies":[{"embeddable":true,"href":"https:\/\/whizzbang.eu\/de\/wp-json\/wp\/v2\/comments?post=64"}],"version-history":[{"count":7,"href":"https:\/\/whizzbang.eu\/de\/wp-json\/wp\/v2\/pages\/64\/revisions"}],"predecessor-version":[{"id":534,"href":"https:\/\/whizzbang.eu\/de\/wp-json\/wp\/v2\/pages\/64\/revisions\/534"}],"wp:featuredmedia":[{"embeddable":true,"href":"https:\/\/whizzbang.eu\/de\/wp-json\/wp\/v2\/media\/524"}],"wp:attachment":[{"href":"https:\/\/whizzbang.eu\/de\/wp-json\/wp\/v2\/media?parent=64"}],"curies":[{"name":"wp","href":"https:\/\/api.w.org\/{rel}","templated":true}]}}