{"id":78,"date":"2024-06-09T10:11:33","date_gmt":"2024-06-09T08:11:33","guid":{"rendered":"http:\/\/whizzbang.eu\/?page_id=78"},"modified":"2025-09-24T13:18:02","modified_gmt":"2025-09-24T11:18:02","slug":"wahrung-der-interessen-der-expats","status":"publish","type":"page","link":"https:\/\/whizzbang.eu\/de\/vertretung-der-interessen-der-expats\/","title":{"rendered":"Lobbyarbeit in Ihrem Namen!"},"content":{"rendered":"<div class=\"wp-block-group alignfull has-base-background-color has-background has-global-padding is-layout-constrained wp-container-core-group-is-layout-d89aad35 wp-block-group-is-layout-constrained\" style=\"margin-top:0;margin-bottom:0;padding-top:var(--wp--preset--spacing--50);padding-right:var(--wp--preset--spacing--50);padding-bottom:var(--wp--preset--spacing--50);padding-left:var(--wp--preset--spacing--50)\">\n<div class=\"wp-block-columns alignwide is-layout-flex wp-container-core-columns-is-layout-549b0c86 wp-block-columns-is-layout-flex\">\n<div class=\"wp-block-column has-global-padding is-content-justification-left is-layout-constrained wp-container-core-column-is-layout-b1f2e7f9 wp-block-column-is-layout-constrained\" style=\"padding-right:0;padding-left:0;flex-basis:40%\">\n<figure class=\"wp-block-image size-full is-style-rounded is-style-rounded--1\"><img loading=\"lazy\" decoding=\"async\" width=\"2560\" height=\"1440\" src=\"http:\/\/whizzbang.eu\/wp-content\/uploads\/2024\/06\/Station_Brussel-Centraal_Gebouw-scaled.jpg\" alt=\"\" class=\"wp-image-50\" style=\"aspect-ratio:4\/3;object-fit:cover\" srcset=\"https:\/\/whizzbang.eu\/wp-content\/uploads\/2024\/06\/Station_Brussel-Centraal_Gebouw-scaled.jpg 2560w, https:\/\/whizzbang.eu\/wp-content\/uploads\/2024\/06\/Station_Brussel-Centraal_Gebouw-300x169.jpg 300w, https:\/\/whizzbang.eu\/wp-content\/uploads\/2024\/06\/Station_Brussel-Centraal_Gebouw-1024x576.jpg 1024w, https:\/\/whizzbang.eu\/wp-content\/uploads\/2024\/06\/Station_Brussel-Centraal_Gebouw-768x432.jpg 768w, https:\/\/whizzbang.eu\/wp-content\/uploads\/2024\/06\/Station_Brussel-Centraal_Gebouw-1536x864.jpg 1536w, https:\/\/whizzbang.eu\/wp-content\/uploads\/2024\/06\/Station_Brussel-Centraal_Gebouw-2048x1152.jpg 2048w, https:\/\/whizzbang.eu\/wp-content\/uploads\/2024\/06\/Station_Brussel-Centraal_Gebouw-18x10.jpg 18w\" sizes=\"auto, (max-width: 2560px) 100vw, 2560px\" \/><figcaption class=\"wp-element-caption\">Japplemedia, CC BY-SA 4.0<\/figcaption><\/figure>\n\n\n\n<p style=\"padding-top:0;padding-bottom:0;font-size:clamp(14px, 0.875rem + ((1vw - 3.2px) * 0.208), 16px);\">Die <strong>Schutz der Verbraucher<\/strong> ist traditionell eine Angelegenheit der nationalen Institutionen, wie z.B. der Verbraucherzentralen in Deutschland. Expatriates und ihre spezifische Situation standen immer am Rande der nationalen Diskussionen.<\/p>\n\n\n\n<div class=\"wp-block-buttons is-layout-flex wp-block-buttons-is-layout-flex\">\n<div class=\"wp-block-button\"><a class=\"wp-block-button__link wp-element-button\" href=\"#publicConsultations\">Konsultationen<\/a><\/div>\n\n\n\n<div class=\"wp-block-button is-style-outline is-style-outline--2\"><a class=\"wp-block-button__link wp-element-button\" href=\"\/de\/#aboutus\">\u00fcber uns<\/a><\/div>\n<\/div>\n<\/div>\n\n\n\n<div class=\"wp-block-column is-layout-flow wp-container-core-column-is-layout-119bc444 wp-block-column-is-layout-flow\" style=\"flex-basis:60%\">\n<h2 class=\"wp-block-heading\">Wir vertreten Ihre Interessen ... denn sie sind unsere Interessen!<\/h2>\n\n\n\n<p class=\"has-heading-font-family has-large-font-size\" style=\"line-height:1.2\">Niemandem liegt der Schutz der Interessen von Expats so sehr am Herzen wie Expats. Deshalb arbeiten wir eng mit den Institutionen der Europ\u00e4ischen Union zusammen, um die Rechte und Interessen von Expats zu f\u00f6rdern.<\/p>\n\n\n\n<div class=\"wp-block-columns is-layout-flex wp-container-core-columns-is-layout-87beb0d0 wp-block-columns-is-layout-flex\">\n<div class=\"wp-block-column is-layout-flow wp-block-column-is-layout-flow\">\n<p class=\"wp-container-content-9cfa9a5a\">Durch regelm\u00e4\u00dfige Konsultationen, Stellungnahmen und die Teilnahme an \u00f6ffentlichen Anh\u00f6rungen bringen wir unser Fachwissen und unsere Sichtweise in den Gesetzgebungsprozess ein. Wir setzen uns f\u00fcr klare, faire und einheitliche Regelungen ein, die die Mobilit\u00e4t und das Wohlergehen von Expats in der EU verbessern.<\/p>\n<\/div>\n\n\n\n<div class=\"wp-block-column is-layout-flow wp-block-column-is-layout-flow\">\n<p>Wir von WhizzBang setzen uns f\u00fcr die Interessen von Expats und Verbrauchern in der EU ein. Unsere Arbeit umfasst eine starke Pr\u00e4senz sowohl auf EU-Ebene als auch in den einzelnen Mitgliedsstaaten, um sicherzustellen, dass die spezifischen Bed\u00fcrfnisse und Herausforderungen von Expats geh\u00f6rt und angemessen ber\u00fccksichtigt werden.<\/p>\n<\/div>\n<\/div>\n<\/div>\n<\/div>\n<\/div>\n\n\n\n<div class=\"wp-block-cover alignfull is-light has-parallax\" style=\"min-height:608px;aspect-ratio:unset;\"><div class=\"wp-block-cover__image-background wp-image-79 has-parallax\" style=\"background-position:50% 50%;background-image:url(http:\/\/whizzbang.eu\/wp-content\/uploads\/2024\/06\/2022-05-12-Berlaymont_building-8831-Kopie-scaled.jpeg)\"><\/div><span aria-hidden=\"true\" class=\"wp-block-cover__background has-background-dim-60 has-background-dim\" style=\"background-color:#7c8492\"><\/span><div class=\"wp-block-cover__inner-container is-layout-flow wp-block-cover-is-layout-flow\">\n<h2 class=\"wp-block-heading alignwide has-base-2-color has-text-color\" style=\"font-size:clamp(30.232px, 1.89rem + ((1vw - 3.2px) * 2.372), 53px);\"><\/h2>\n\n\n\n<div class=\"wp-block-columns alignwide is-layout-flex wp-container-core-columns-is-layout-28f84493 wp-block-columns-is-layout-flex\">\n<div class=\"wp-block-column is-layout-flow wp-block-column-is-layout-flow\" style=\"flex-basis:55%\">\n<div style=\"height:157px\" aria-hidden=\"true\" class=\"wp-block-spacer\"><\/div>\n<\/div>\n\n\n\n<div class=\"wp-block-column is-layout-flow wp-block-column-is-layout-flow\"><\/div>\n<\/div>\n<\/div><\/div>\n\n\n\n<div class=\"wp-block-group alignfull has-base-2-background-color has-background has-global-padding is-layout-constrained wp-container-core-group-is-layout-7cd14b77 wp-block-group-is-layout-constrained\" style=\"margin-top:0;margin-bottom:0;padding-top:var(--wp--preset--spacing--60);padding-right:var(--wp--preset--spacing--60);padding-bottom:var(--wp--preset--spacing--60);padding-left:var(--wp--preset--spacing--60)\">\n<div class=\"wp-block-group alignwide is-layout-flow wp-block-group-is-layout-flow\">\n<div style=\"height:var(--wp--preset--spacing--50)\" aria-hidden=\"true\" class=\"wp-block-spacer\"><\/div>\n\n\n\n<blockquote class=\"wp-block-quote has-text-align-center is-layout-flow wp-block-quote-is-layout-flow\">\n<div class=\"wp-block-group is-layout-flow wp-block-group-is-layout-flow\">\n<p class=\"has-text-align-center has-heading-font-family has-x-large-font-size\" style=\"font-style:normal;font-weight:400;line-height:1.2\">Das Unionsrecht ist f\u00fcr die Mitgliedstaaten oft l\u00e4stig und unangenehm. F\u00fcr Auswanderer ist es eine Garantie f\u00fcr ihre Freiheiten.<\/p>\n<\/div>\n<\/blockquote>\n<\/div>\n<\/div>\n\n\n\n<h3 class=\"wp-block-heading\" id=\"register\">Unsere Beratungen<\/h3>\n\n\n\n<div class=\"wp-block-query is-layout-flow wp-block-query-is-layout-flow\"><ul class=\"columns-3 wp-block-post-template is-layout-grid wp-container-core-post-template-is-layout-6d3fbd8f wp-block-post-template-is-layout-grid\"><li class=\"wp-block-post post-1190 post type-post status-publish format-standard has-post-thumbnail hentry category-weekly-reports tag-whizzbang-aisbl\">\n<h4 class=\"has-text-align-left wp-block-post-title\">W\u00f6chentlicher Bericht, 2026-05-04 bis 2026-05-10<\/h4>\n\n<div class=\"wp-block-post-date\"><time datetime=\"2026-05-11T12:51:00+02:00\">2026-05-11<\/time><\/div>\n<\/li><li class=\"wp-block-post post-1188 post type-post status-publish format-standard has-post-thumbnail hentry category-weekly-reports tag-euroconsum-whizzbang-viadrinia\">\n<h4 class=\"has-text-align-left wp-block-post-title\">W\u00f6chentlicher Bericht, 2026-04-27 bis 2026-05-03<\/h4>\n\n<div class=\"wp-block-post-date\"><time datetime=\"2026-05-04T15:15:00+02:00\">2026-05-04<\/time><\/div>\n<\/li><li class=\"wp-block-post post-1186 post type-post status-publish format-standard has-post-thumbnail hentry category-weekly-reports tag-whizzbang-aisbl\">\n<h4 class=\"has-text-align-left wp-block-post-title\">W\u00f6chentlicher Bericht, 2026-04-20 bis 2026-04-26<\/h4>\n\n<div class=\"wp-block-post-date\"><time datetime=\"2026-04-27T12:17:00+02:00\">2026-04-27<\/time><\/div>\n<\/li><\/ul>\n\n<nav class=\"wp-block-query-pagination is-layout-flex wp-block-query-pagination-is-layout-flex\" aria-label=\"Seitennummerierung\">\n\n\n<div class=\"wp-block-query-pagination-numbers\"><span aria-current=\"page\" class=\"page-numbers current\">1<\/span>\n<a class=\"page-numbers\" href=\"?query-60-page=2\">2<\/a>\n<a class=\"page-numbers\" href=\"?query-60-page=3\">3<\/a>\n<span class=\"page-numbers dots\">...<\/span>\n<a class=\"page-numbers\" href=\"?query-60-page=38\">38<\/a><\/div>\n\n<a href=\"\/de\/wp-json\/wp\/v2\/pages\/78?query-60-page=2\" class=\"wp-block-query-pagination-next\">N\u00e4chste Seite<\/a>\n<\/nav>\n\n<\/div>\n\n\n\n<div style=\"height:249px\" aria-hidden=\"true\" class=\"wp-block-spacer\"><\/div>","protected":false},"excerpt":{"rendered":"<p>The protection of consumers has traditionally been a matter for national institutions, such as the consumer advice centers in Germany. Expats and their specific situation have always been on the fringes of national discussions. We represent your interests \u2026 because they are our interests! No one is nearly as concerned about protecting the interests of [&hellip;]<\/p>\n","protected":false},"author":1,"featured_media":0,"parent":0,"menu_order":0,"comment_status":"closed","ping_status":"closed","template":"","meta":{"footnotes":""},"class_list":["post-78","page","type-page","status-publish","hentry"],"_links":{"self":[{"href":"https:\/\/whizzbang.eu\/de\/wp-json\/wp\/v2\/pages\/78","targetHints":{"allow":["GET"]}}],"collection":[{"href":"https:\/\/whizzbang.eu\/de\/wp-json\/wp\/v2\/pages"}],"about":[{"href":"https:\/\/whizzbang.eu\/de\/wp-json\/wp\/v2\/types\/page"}],"author":[{"embeddable":true,"href":"https:\/\/whizzbang.eu\/de\/wp-json\/wp\/v2\/users\/1"}],"replies":[{"embeddable":true,"href":"https:\/\/whizzbang.eu\/de\/wp-json\/wp\/v2\/comments?post=78"}],"version-history":[{"count":15,"href":"https:\/\/whizzbang.eu\/de\/wp-json\/wp\/v2\/pages\/78\/revisions"}],"predecessor-version":[{"id":1139,"href":"https:\/\/whizzbang.eu\/de\/wp-json\/wp\/v2\/pages\/78\/revisions\/1139"}],"wp:attachment":[{"href":"https:\/\/whizzbang.eu\/de\/wp-json\/wp\/v2\/media?parent=78"}],"curies":[{"name":"wp","href":"https:\/\/api.w.org\/{rel}","templated":true}]}}