{"id":980,"date":"2025-01-20T11:38:40","date_gmt":"2025-01-20T10:38:40","guid":{"rendered":"https:\/\/whizzbang.eu\/?page_id=980"},"modified":"2025-01-25T08:16:53","modified_gmt":"2025-01-25T07:16:53","slug":"guidelines-whizzbang-meuse-rhine","status":"publish","type":"page","link":"https:\/\/whizzbang.eu\/de\/guidelines-whizzbang-meuse-rhine\/","title":{"rendered":"Leitlinien von WhizzBang Maas-Rhein"},"content":{"rendered":"<div class=\"wp-block-group alignfull has-accent-background-color has-background has-global-padding is-layout-constrained wp-container-core-group-is-layout-669513ed wp-block-group-is-layout-constrained\" style=\"margin-top:0;margin-bottom:0;padding-top:var(--wp--preset--spacing--50);padding-right:var(--wp--preset--spacing--50);padding-bottom:var(--wp--preset--spacing--50);padding-left:var(--wp--preset--spacing--50)\">\n<div class=\"wp-block-columns alignwide is-layout-flex wp-container-core-columns-is-layout-1da03c2a wp-block-columns-is-layout-flex\">\n<div class=\"wp-block-column is-vertically-aligned-stretch is-layout-flow wp-block-column-is-layout-flow\" style=\"flex-basis:50%\">\n<div class=\"wp-block-group is-vertical is-content-justification-stretch is-layout-flex wp-container-core-group-is-layout-444d5ee8 wp-block-group-is-layout-flex\" style=\"min-height:100%\">\n<p class=\"has-heading-font-family has-x-large-font-size\" style=\"line-height:1.2\">EuroConsum e.V.\/ WhizzBang Maas-Rhein<\/p>\n\n\n\n<div style=\"height:73px\" aria-hidden=\"true\" class=\"wp-block-spacer wp-container-content-d6591b84\"><\/div>\n\n\n\n<div class=\"wp-block-group has-global-padding is-content-justification-left is-layout-constrained wp-container-core-group-is-layout-9fe8ed88 wp-block-group-is-layout-constrained\">\n<p class=\"wp-container-content-0733e5d0\">Auf dieser Seite stellen wir Ihnen die in der Richtlinie (EU) 2020\/1828 geforderten Informationen in Form von h\u00e4ufig gestellten Fragen (FAQ) zur Verf\u00fcgung.<\/p>\n\n\n\n<div class=\"wp-block-buttons is-layout-flex wp-block-buttons-is-layout-flex\">\n<div class=\"wp-block-button\"><a class=\"wp-block-button__link wp-element-button\" href=\"#faq\">direkt zu den FAQ gehen<\/a><\/div>\n<\/div>\n\n\n\n<p class=\"wp-container-content-0733e5d0\">Wie wir unsere Unabh\u00e4ngigkeit sichern und Interessenkonflikte vermeiden, erfahren Sie auch in unserem <a href=\"https:\/\/whizzbang.eu\/de\/code-of-conduct\/\" data-type=\"page\" data-id=\"760\">Verhaltenskodex<\/a>.<\/p>\n<\/div>\n<\/div>\n<\/div>\n\n\n\n<div class=\"wp-block-column is-vertically-aligned-top is-layout-flow wp-block-column-is-layout-flow\" style=\"flex-basis:50%\">\n<figure class=\"wp-block-image size-large is-style-rounded is-style-rounded--1\"><img loading=\"lazy\" decoding=\"async\" width=\"1024\" height=\"768\" src=\"https:\/\/whizzbang.eu\/wp-content\/uploads\/2025\/01\/2560px-Tuchfabrik_Delius-1024x768.jpg\" alt=\"\" class=\"wp-image-983\" style=\"aspect-ratio:2\/3;object-fit:cover\" srcset=\"https:\/\/whizzbang.eu\/wp-content\/uploads\/2025\/01\/2560px-Tuchfabrik_Delius-1024x768.jpg 1024w, https:\/\/whizzbang.eu\/wp-content\/uploads\/2025\/01\/2560px-Tuchfabrik_Delius-300x225.jpg 300w, https:\/\/whizzbang.eu\/wp-content\/uploads\/2025\/01\/2560px-Tuchfabrik_Delius-768x576.jpg 768w, https:\/\/whizzbang.eu\/wp-content\/uploads\/2025\/01\/2560px-Tuchfabrik_Delius-1536x1152.jpg 1536w, https:\/\/whizzbang.eu\/wp-content\/uploads\/2025\/01\/2560px-Tuchfabrik_Delius-2048x1536.jpg 2048w, https:\/\/whizzbang.eu\/wp-content\/uploads\/2025\/01\/2560px-Tuchfabrik_Delius-16x12.jpg 16w\" sizes=\"auto, (max-width: 1024px) 100vw, 1024px\" \/><\/figure>\n\n\n\n<p class=\"has-contrast-3-color has-text-color has-link-color has-small-font-size wp-elements-7673559bc622f331b65282402e02dfe6\">Ehemalige Bekleidungsfabrik Delius in Aachen; von <a href=\"\/\/commons.wikimedia.org\/wiki\/User:ArthurMcGill\">ArthurMcGill<\/a> - eigene Arbeit, <a href=\"https:\/\/creativecommons.org\/licenses\/by\/3.0\">CC BY 3.0<\/a><\/p>\n<\/div>\n<\/div>\n\n\n\n<div style=\"height:285px\" aria-hidden=\"true\" class=\"wp-block-spacer\"><\/div>\n<\/div>\n\n\n\n<div class=\"wp-block-group alignfull has-base-color has-contrast-2-background-color has-text-color has-background has-link-color wp-elements-a4cef925b6ac38a57aef51ac808ec2f7 has-global-padding is-layout-constrained wp-container-core-group-is-layout-d89aad35 wp-block-group-is-layout-constrained\" style=\"margin-top:0;margin-bottom:0;padding-top:var(--wp--preset--spacing--50);padding-right:var(--wp--preset--spacing--50);padding-bottom:var(--wp--preset--spacing--50);padding-left:var(--wp--preset--spacing--50)\">\n<h2 class=\"wp-block-heading alignwide has-base-color has-text-color has-link-color wp-elements-2c14623559f5f56cede825ca5c39d0f1\" style=\"font-size:clamp(4.509rem, 4.509rem + ((1vw - 0.2rem) * 9.152), 10rem);letter-spacing:-0.02em\"><a name=\"faq\">FAQ<\/a><\/h2>\n\n\n\n<div class=\"wp-block-group alignwide is-layout-flow wp-block-group-is-layout-flow\">\n<hr class=\"wp-block-separator has-text-color has-base-color has-alpha-channel-opacity has-base-background-color has-background is-style-wide\" style=\"margin-top:var(--wp--preset--spacing--30);margin-bottom:var(--wp--preset--spacing--30)\"\/>\n\n\n\n<h3 class=\"wp-block-heading alignwide has-base-2-color has-text-color has-link-color wp-elements-e3981cce4d1e0230bae18a8d9779e2ae\">Wann wurde WhizzBang e.V. gegr\u00fcndet?<\/h3>\n\n\n\n<p class=\"has-contrast-1-color has-text-color has-link-color wp-elements-0657027bde6ea903ddbd6bc8b03627e5\">Der EuroConsum e.V. wurde am 19. August 2019 gegr\u00fcndet; die T\u00e4tigkeit im Bereich Verbraucherschutz beginnt im Dezember 2019.<\/p>\n\n\n\n<hr class=\"wp-block-separator has-text-color has-base-color has-alpha-channel-opacity has-base-background-color has-background is-style-wide\" style=\"margin-top:var(--wp--preset--spacing--30);margin-bottom:var(--wp--preset--spacing--30)\"\/>\n\n\n\n<h3 class=\"wp-block-heading alignwide has-base-2-color has-text-color has-link-color wp-elements-d9a000526c95b5bf107727e7f93f296e\">Aus welchen Quellen finanzieren Sie das Projekt im Allgemeinen?<\/h3>\n\n\n\n<p>Die Finanzierungsquellen sind:<\/p>\n\n\n\n<ul class=\"wp-block-list\">\n<li>Mitgliedsbeitr\u00e4ge<\/li>\n\n\n\n<li>Spenden von Non-Profit-Organisationen<\/li>\n<\/ul>\n\n\n\n<hr class=\"wp-block-separator has-text-color has-base-color has-alpha-channel-opacity has-base-background-color has-background is-style-wide\" style=\"margin-top:var(--wp--preset--spacing--30);margin-bottom:var(--wp--preset--spacing--30)\"\/>\n\n\n\n<h3 class=\"wp-block-heading has-base-2-color has-text-color has-link-color wp-elements-c7bd69eb7b2324f1cba7455e259aa40a\">Haben Sie Spenden von H\u00e4ndlern oder Unternehmen erhalten?<\/h3>\n\n\n\n<p>Ja, von der EuroConsum gGmbH, die selbst eine Non-Profit-Gesellschaft ist.<\/p>\n\n\n\n<hr class=\"wp-block-separator has-text-color has-base-color has-alpha-channel-opacity has-base-background-color has-background is-style-wide\" style=\"margin-top:var(--wp--preset--spacing--30);margin-bottom:var(--wp--preset--spacing--30)\"\/>\n\n\n\n<h3 class=\"wp-block-heading alignwide has-base-2-color has-text-color has-link-color wp-elements-0a137a23bdee1d089fc2940d60b91bf5\">Wie kommt es, dass Sie ein berechtigtes Interesse am Schutz der Verbraucherinteressen haben?<\/h3>\n\n\n\n<p>Nicht nur unser <a href=\"https:\/\/whizzbang.eu\/de\/counseling\/\" data-type=\"page\" data-id=\"72\">Arbeit<\/a> vorschl\u00e4gt, dass wir unseren Schutz f\u00fcr ausl\u00e4ndische Verbraucher verst\u00e4rken, aber unsere <a href=\"https:\/\/whizzbang.eu\/de\/guidelines-whizzbang-meuse-rhine\/whizzbang-meuse-rhine-statue\/\" data-type=\"page\" data-id=\"981\">Statut<\/a> Auch daf\u00fcr gibt es Forderungen.<br><\/p>\n\n\n\n<hr class=\"wp-block-separator has-text-color has-base-color has-alpha-channel-opacity has-base-background-color has-background is-style-wide\" style=\"margin-top:var(--wp--preset--spacing--30);margin-bottom:var(--wp--preset--spacing--30)\"\/>\n\n\n\n<h3 class=\"wp-block-heading alignwide has-base-2-color has-text-color has-link-color wp-elements-e3f1645e7f10afbca0240d4d4cfaaaf4\">Sind Sie eine gemeinn\u00fctzige Organisation?<\/h3>\n\n\n\n<p>Ja, das tun wir. Bitte beachten Sie Abschnitt 2 unserer <a href=\"https:\/\/whizzbang.eu\/de\/guidelines-whizzbang-meuse-rhine\/whizzbang-meuse-rhine-statue\/\" data-type=\"page\" data-id=\"981\">Statut<\/a> f\u00fcr Einzelheiten.<\/p>\n\n\n\n<hr class=\"wp-block-separator has-text-color has-base-color has-alpha-channel-opacity has-base-background-color has-background is-style-wide\" style=\"margin-top:var(--wp--preset--spacing--30);margin-bottom:var(--wp--preset--spacing--30)\"\/>\n\n\n\n<h3 class=\"wp-block-heading alignwide has-base-2-color has-text-color has-link-color wp-elements-33a232da43232aea4404827d3fc7b0e4\">Sind Sie Gegenstand eines Insolvenzverfahrens oder wurden Sie f\u00fcr zahlungsunf\u00e4hig erkl\u00e4rt?<\/h3>\n\n\n\n<p class=\"has-contrast-1-color has-text-color has-link-color wp-elements-d6daaded43a3c11614069b0e04bea7a9\">Weder noch. Insolvenzverfahren werden in der Regel \u00fcber das Internet ver\u00f6ffentlicht. <a href=\"https:\/\/neu.insolvenzbekanntmachungen.de\/ap\/suche.jsf;jsessionid=U1zZ0ATApGviZpk1BYXHaxlqkUJ9unogGwCRkiiK.node-15204\" data-type=\"link\" data-id=\"https:\/\/neu.insolvenzbekanntmachungen.de\/ap\/suche.jsf;jsessionid=U1zZ0ATApGviZpk1BYXHaxlqkUJ9unogGwCRkiiK.node-15204\">Deutsches Insolvenzregister<\/a>.<\/p>\n\n\n\n<hr class=\"wp-block-separator has-text-color has-base-color has-alpha-channel-opacity has-base-background-color has-background is-style-wide\" style=\"margin-top:var(--wp--preset--spacing--30);margin-bottom:var(--wp--preset--spacing--30)\"\/>\n\n\n\n<h3 class=\"wp-block-heading alignwide has-base-2-color has-text-color has-link-color wp-elements-48ed4edc0c16ba197434c7f09d5a6cc4\">Inwiefern sind Sie unabh\u00e4ngig und werden nicht von Personen (au\u00dfer Verbrauchern), insbesondere von Gewerbetreibenden, beeinflusst, die ein wirtschaftliches Interesse an der Erhebung einer Verbandsklage haben, auch nicht im Falle einer Finanzierung durch Dritte?<\/h3>\n\n\n\n<p>Wir sind unabh\u00e4ngig von diesen Gruppen. Mehr dazu erfahren Sie in unserem gemeinsamen <a href=\"https:\/\/whizzbang.eu\/de\/code-of-conduct\/\" data-type=\"page\" data-id=\"760\">Verhaltenskodex<\/a>.<\/p>\n\n\n\n<hr class=\"wp-block-separator has-text-color has-base-color has-alpha-channel-opacity has-base-background-color has-background is-style-wide\" style=\"margin-top:var(--wp--preset--spacing--30);margin-bottom:var(--wp--preset--spacing--30)\"\/>\n\n\n\n<h3 class=\"wp-block-heading has-base-2-color has-text-color has-link-color wp-elements-a852c681db400d8b33f97050254d2301\">Haben Sie im Hinblick auf diese Unabh\u00e4ngigkeit und Nichteinflussnahme Verfahren eingef\u00fchrt, um eine solche Einflussnahme zu verhindern, und wie verhindern Sie Interessenkonflikte zwischen Ihnen, Ihren Geldgebern und den Interessen der Verbraucher?<\/h3>\n\n\n\n<p>Ja, wir haben solche Verfahren eingef\u00fchrt (und \u00fcberarbeiten sie regelm\u00e4\u00dfig). Einzelheiten finden Sie in unserem <a href=\"https:\/\/whizzbang.eu\/de\/code-of-conduct\/\" data-type=\"page\" data-id=\"760\">Verhaltenskodex<\/a>.<\/p>\n\n\n\n<hr class=\"wp-block-separator has-text-color has-base-color has-alpha-channel-opacity has-base-background-color has-background is-style-wide\" style=\"margin-top:var(--wp--preset--spacing--30);margin-bottom:var(--wp--preset--spacing--30)\"\/>\n\n\n\n<h3 class=\"wp-block-heading has-base-2-color has-text-color has-link-color wp-elements-57ff49f72bd5d79f54509bd7a907e400\">Wie ist Ihre Organisationsstruktur?<\/h3>\n\n\n\n<p>Wie in unserem <a href=\"https:\/\/whizzbang.eu\/de\/guidelines-whizzbang-meuse-rhine\/whizzbang-meuse-rhine-statue\/\" data-type=\"page\" data-id=\"981\">Statut<\/a> wir haben eine <strong>Vorstand<\/strong> und eine <strong>Generalversammlung<\/strong>. Wir haben auch eine Generaldirektion, die kein offizielles Organ der Vereinigung ist. Im WhizzBang-Netzwerk haben wir auch einen gemeinsamen juristischen Dienst (Service Juridique), dessen Kosten alle Mitglieder gemeinsam tragen.<\/p>\n\n\n\n<hr class=\"wp-block-separator has-text-color has-base-color has-alpha-channel-opacity has-base-background-color has-background is-style-wide\" style=\"margin-top:var(--wp--preset--spacing--30);margin-bottom:var(--wp--preset--spacing--30)\"\/>\n\n\n\n<h3 class=\"wp-block-heading has-base-2-color has-text-color has-link-color wp-elements-0faf4e8c0dd3ef2f42d7119590ea9dbf\">Wie sieht Ihre Mitgliederstruktur aus?<\/h3>\n\n\n\n<p>Unsere Mitglieder sind Watchdog-Organisationen, Verbraucherschutzagenturen, 29 Einzelpersonen (Dezember 2024).<\/p>\n\n\n\n<hr class=\"wp-block-separator has-text-color has-base-color has-alpha-channel-opacity has-base-background-color has-background is-style-wide\" style=\"margin-top:var(--wp--preset--spacing--30);margin-bottom:var(--wp--preset--spacing--30)\"\/>\n\n\n\n<h3 class=\"wp-block-heading has-base-2-color has-text-color has-link-color wp-elements-a89d8bfb2c695aec7a33c55cb67611b4\">Was ist Ihr gesetzlicher Zweck?<\/h3>\n\n\n\n<p>Hier ein Auszug aus unserem Statut:<\/p>\n\n\n\n<p><strong>2.1 Zweck<br><\/strong>(1) F\u00f6rderung der Verbraucherberatung und des Verbraucherschutzes;<br>(2) Der Verein verfolgt ausschlie\u00dflich gemeinn\u00fctzige Zwecke im Sinne des Gesetzes, und zwar den Zweck der F\u00f6rderung der Verbraucherberatung und des Verbraucherschutzes (Hauptzweck), sowie die Mittelbeschaffung f\u00fcr gemeinn\u00fctzige Zwecke (Nebenzweck).<br>(3) Im Rahmen der Erf\u00fcllung ihres Zwecks vertritt sie die Interessen der Verbraucher durch nichtkommerzielle und nicht nur vor\u00fcbergehende Information und Beratung, insbesondere durch<br>von<br>a. die Bereitstellung von Informationen (in der Regel in digitaler Form),<br>b. Beratung der Verbraucher \u00fcber ihre Rechte.<br>(4) Seine Aktivit\u00e4ten sind nicht regional begrenzt.<br>(5) Der Zweck der Organisation wird unter besonderer Ber\u00fccksichtigung der Realit\u00e4ten der europ\u00e4ischen Integration, ihrer gegenw\u00e4rtigen Auswirkungen auf die Verbraucher und der Herausforderungen einer weiteren europ\u00e4ischen Integration erreicht.<br>(6) Diese Arbeit umfasst insbesondere den Schutz der Interessen der Verbraucher in Bezug auf ihre Gesundheit, den Schutz vor Ausbeutung, sowohl in wirtschaftlicher Hinsicht als auch in Bezug auf die Ausnutzung ihrer Aufmerksamkeit (\"Aufmerksamkeits\u00f6konomie\"), vor Diskriminierung und den Schutz ihrer personenbezogenen Daten, ihre Wahlfreiheit (einschlie\u00dflich des Rechts auf eine informierte Entscheidung).<br>(7) Dazu geh\u00f6ren insbesondere die Belange und Interessen von Personen, die in einem anderen Land als ihrem Geburtsland oder dem Land ihrer Staatsangeh\u00f6rigkeit wohnen, leben, arbeiten oder eine Ausbildung machen (\"Expats\").<br>(8) Insbesondere geht es auch darum, die Teilhabe aller an den Vorteilen der europ\u00e4ischen Integration zu sichern, auszubauen und zu intensivieren und die Nachteile von Transformationsprozessen abzumildern, um den gemeinsamen Raum der Freiheit, der Sicherheit und des Rechts zu vollenden, denn es ist unsere \u00dcberzeugung, dass sich das Schicksal unserer Union am Schicksal der am st\u00e4rksten ausgegrenzten Menschen entscheiden wird.<br>(9) Ein weiteres Ziel ist es, den Zugang zum harmonisierten Recht in den Mitgliedstaaten (einschlie\u00dflich der k\u00fcnftigen Beitrittsl\u00e4nder) zu verbessern.<\/p>\n\n\n\n<hr class=\"wp-block-separator has-text-color has-base-color has-alpha-channel-opacity has-base-background-color has-background is-style-wide\" style=\"margin-top:var(--wp--preset--spacing--30);margin-bottom:var(--wp--preset--spacing--30)\"\/>\n\n\n\n<h3 class=\"wp-block-heading has-base-2-color has-text-color has-link-color wp-elements-66b8fb465b2382d83806791e2fa45563\">Was sind Ihre Aktivit\u00e4ten?<\/h3>\n\n\n\n<p class=\"has-base-2-color has-text-color has-link-color wp-elements-bd7a523056a1d1b9c647cc4ac8e6982d\">Gut, dass Sie fragen, denn dann sind Sie hier richtig: Informieren Sie sich \u00fcber unsere <a href=\"https:\/\/whizzbang.eu\/de\/counseling\/\" data-type=\"page\" data-id=\"72\">Beratung<\/a>unser <a href=\"https:\/\/whizzbang.eu\/de\/press\/\" data-type=\"page\" data-id=\"561\">Medien<\/a> oder <a href=\"https:\/\/whizzbang.eu\/de\/stammtisch-fur-expats\/\" data-type=\"page\" data-id=\"64\">Gemeinwesenarbeit<\/a> und wie wir <a href=\"https:\/\/whizzbang.eu\/de\/wahrung-der-interessen-der-expats\/\" data-type=\"page\" data-id=\"78\">Lobbyarbeit in Ihrem Namen als Expatriate<\/a>.<\/p>\n\n\n\n<hr class=\"wp-block-separator has-text-color has-base-color has-alpha-channel-opacity has-base-background-color has-background is-style-wide\" style=\"margin-top:var(--wp--preset--spacing--30);margin-bottom:var(--wp--preset--spacing--30)\"\/>\n\n\n\n<div style=\"margin-top:var(--wp--preset--spacing--10);margin-bottom:0;height:16px\" aria-hidden=\"true\" class=\"wp-block-spacer\"><\/div>\n<\/div>\n<\/div>\n\n\n\n<p><\/p>","protected":false},"excerpt":{"rendered":"<p>EuroConsum e.V.\/ WhizzBang Meuse-Rhine On this page we provide pieces of information required by a Directive (EU) 2020\/1828 in the Form of a frequently asked questions (FAQ). To learn how we safeguard our independence and avoid conflicts of interest, also take a look at our code of conduct. Former Delius garment factory in Aachen; by [&hellip;]<\/p>\n","protected":false},"author":1,"featured_media":0,"parent":0,"menu_order":0,"comment_status":"closed","ping_status":"closed","template":"","meta":{"footnotes":""},"class_list":["post-980","page","type-page","status-publish","hentry"],"_links":{"self":[{"href":"https:\/\/whizzbang.eu\/de\/wp-json\/wp\/v2\/pages\/980","targetHints":{"allow":["GET"]}}],"collection":[{"href":"https:\/\/whizzbang.eu\/de\/wp-json\/wp\/v2\/pages"}],"about":[{"href":"https:\/\/whizzbang.eu\/de\/wp-json\/wp\/v2\/types\/page"}],"author":[{"embeddable":true,"href":"https:\/\/whizzbang.eu\/de\/wp-json\/wp\/v2\/users\/1"}],"replies":[{"embeddable":true,"href":"https:\/\/whizzbang.eu\/de\/wp-json\/wp\/v2\/comments?post=980"}],"version-history":[{"count":6,"href":"https:\/\/whizzbang.eu\/de\/wp-json\/wp\/v2\/pages\/980\/revisions"}],"predecessor-version":[{"id":991,"href":"https:\/\/whizzbang.eu\/de\/wp-json\/wp\/v2\/pages\/980\/revisions\/991"}],"wp:attachment":[{"href":"https:\/\/whizzbang.eu\/de\/wp-json\/wp\/v2\/media?parent=980"}],"curies":[{"name":"wp","href":"https:\/\/api.w.org\/{rel}","templated":true}]}}