{"id":136,"date":"2024-12-13T12:09:30","date_gmt":"2024-12-13T11:09:30","guid":{"rendered":"https:\/\/whizzbang.eu\/?p=136"},"modified":"2024-12-13T21:41:29","modified_gmt":"2024-12-13T20:41:29","slug":"ueber-whizzbang","status":"publish","type":"page","link":"https:\/\/whizzbang.eu\/fr\/ueber-whizzbang\/","title":{"rendered":"\u00dcber WhizzBang"},"content":{"rendered":"<p>WhizzBang est un r\u00e9seau international et europ\u00e9en dont l'objectif est de permettre aux expatri\u00e9s (\"Expats\"), au sein de l'Union europ\u00e9enne, de faire valoir leurs droits en mati\u00e8re de s\u00e9curit\u00e9 juridique et de leur garantir un champ d'action juridique \u00e9tendu. Le r\u00e9seau s'engage donc \u00e0 ce que les hommes, qui vivent dans un autre pays de l'UE, connaissent, comprennent et respectent leurs droits en tant que femmes et hommes commer\u00e7ants et \u00e0 ce que ces droits ne soient pas bafou\u00e9s. WhizzBang a \u00e9t\u00e9 cr\u00e9\u00e9 par plusieurs entreprises de diff\u00e9rents \u00c9tats membres de l'Union europ\u00e9enne.<\/p>\n\n\n\n<p>Le r\u00e9seau WhizzBang est compos\u00e9 de trois membres, dont les noms figurent sur leur site respectif, mais qui n'ont pas de lien avec le secteur r\u00e9gional.<br><\/p>\n\n\n\n<div class=\"wp-block-cover is-light has-parallax\"><span aria-hidden=\"true\" class=\"wp-block-cover__background has-background-dim\" style=\"background-color:#FFF\"><\/span><div class=\"wp-block-cover__image-background wp-image-79 has-parallax\" style=\"background-position:50% 50%;background-image:url(http:\/\/whizzbang.eu\/wp-content\/uploads\/2024\/06\/2022-05-12-Berlaymont_building-8831-Kopie-scaled.jpeg)\"><\/div><div class=\"wp-block-cover__inner-container has-global-padding is-layout-constrained wp-block-cover-is-layout-constrained\">\n<div style=\"height:330px\" aria-hidden=\"true\" class=\"wp-block-spacer\"><\/div>\n<\/div><\/div>\n\n\n\n<h3 class=\"wp-block-heading\">WhizzBang <em>aisbl<\/em> (Br\u00fcssel, Belgique)<\/h3>\n\n\n\n<p>Mourir <strong>WhizzBang <em>aisbl<\/em><\/strong> (association internationale sans but lucratif) est la structure coordinatrice du r\u00e9seau. Elle v\u00e9rifie les int\u00e9r\u00eats des WhizzBang-Kollektivs par rapport \u00e0 ceux des enfants. <strong>Commission europ\u00e9enne <\/strong>et dem <strong>Parlement<\/strong> et \u00e9labore des strat\u00e9gies adapt\u00e9es aux diff\u00e9rents pays afin de mieux prot\u00e9ger les expatri\u00e9s dans tous les \u00c9tats membres de l'UE.<\/p>\n\n\n\n<div style=\"height:330px\" aria-hidden=\"true\" class=\"wp-block-spacer\"><\/div>\n\n\n\n<div class=\"wp-block-cover is-light has-parallax\"><span aria-hidden=\"true\" class=\"wp-block-cover__background has-background-dim\" style=\"background-color:#FFF\"><\/span><div class=\"wp-block-cover__image-background wp-image-137 has-parallax\" style=\"background-position:50% 50%;background-image:url(http:\/\/whizzbang.eu\/wp-content\/uploads\/2024\/12\/IMG_7318-scaled.jpg)\"><\/div><div class=\"wp-block-cover__inner-container has-global-padding is-layout-constrained wp-block-cover-is-layout-constrained\">\n<div style=\"height:330px\" aria-hidden=\"true\" class=\"wp-block-spacer\"><\/div>\n<\/div><\/div>\n\n\n\n<h3 class=\"wp-block-heading\">WhizzBang Euregio Maas-Rhein (Aix-la-Chapelle, Allemagne)<\/h3>\n\n\n\n<p>L'organisation qui existe dans le contexte de la fronti\u00e8re entre l'Allemagne et la Belgique joue un r\u00f4le important dans la r\u00e9gion en raison de son affaiblissement sur le plan de la langue et de la culture. Afin de r\u00e9pondre aux besoins particuliers des expatri\u00e9s, WhizzBang, dans l'Euregio Meuse-Rhin, dispose de plusieurs bureaux. Les besoins nationaux peuvent ainsi \u00eatre d\u00e9finis et la coop\u00e9ration avec les organismes nationaux comp\u00e9tents peut \u00eatre renforc\u00e9e dans le cadre de la discussion europ\u00e9enne.<\/p>\n\n\n\n<div style=\"height:330px\" aria-hidden=\"true\" class=\"wp-block-spacer\"><\/div>\n\n\n\n<div class=\"wp-block-cover is-light has-parallax\"><span aria-hidden=\"true\" class=\"wp-block-cover__background has-background-dim\" style=\"background-color:#FFF\"><\/span><div class=\"wp-block-cover__image-background wp-image-140 has-parallax\" style=\"background-position:50% 50%;background-image:url(http:\/\/whizzbang.eu\/wp-content\/uploads\/2024\/12\/Logenstrasse_Frankfurt_Oder_2016-04_026.jpg)\"><\/div><div class=\"wp-block-cover__inner-container has-global-padding is-layout-constrained wp-block-cover-is-layout-constrained\">\n<div style=\"height:330px\" aria-hidden=\"true\" class=\"wp-block-spacer\"><\/div>\n<\/div><\/div>\n\n\n\n<p class=\"has-text-align-right\">photo\/image : <a href=\"https:\/\/commons.wikimedia.org\/wiki\/File:Logenstra%C3%9Fe_Frankfurt_Oder_2016-04_026.JPG\">Sebastian Wallroth<\/a>, <a href=\"https:\/\/creativecommons.org\/licenses\/by\/4.0\">CC BY 4.0<\/a><\/p>\n\n\n\n<h3 class=\"wp-block-heading\">WhizzBang Viadrina (Frankfurt\/Oder, Deutschland)<\/h3>\n\n\n\n<p>Tout comme l'Euregio Maas-Rhein, l'Euregio Viadrina WhizzBang est \u00e9galement tr\u00e8s active. Ces structures binationales permettent d'obtenir un affaiblissement de la langue, une comp\u00e9tence linguistique limit\u00e9e et une connaissance approfondie des r\u00e9glementations locales et r\u00e9gionales. Les r\u00e9sultats de ces analyses s'int\u00e8grent dans le travail du r\u00e9seau global.<\/p>\n\n\n\n<p>Le Mitgliedsverband WhizzBang Viadrina est, en droit, identique \u00e0 l'ancien Verband EuroConsum e.V.<\/p>\n\n\n\n<div style=\"height:330px\" aria-hidden=\"true\" class=\"wp-block-spacer\"><\/div>\n\n\n\n<p><\/p>\n\n\n\n<div class=\"wp-block-cover is-light has-parallax\"><span aria-hidden=\"true\" class=\"wp-block-cover__background has-background-dim\" style=\"background-color:#FFF\"><\/span><div class=\"wp-block-cover__image-background wp-image-141 has-parallax\" style=\"background-position:50% 50%;background-image:url(http:\/\/whizzbang.eu\/wp-content\/uploads\/2024\/12\/Palais_de_la_Cour_de_Justice_CJEU_July_2021_Sign_to_the_Ancien_Palais-Kopie.png)\"><\/div><div class=\"wp-block-cover__inner-container has-global-padding is-layout-constrained wp-block-cover-is-layout-constrained\">\n<div style=\"height:330px\" aria-hidden=\"true\" class=\"wp-block-spacer\"><\/div>\n<\/div><\/div>\n\n\n\n<p class=\"has-text-align-right\">photo\/image <a href=\"\/\/commons.wikimedia.org\/w\/index.php?title=User:Luxofluxo&amp;action=edit&amp;redlink=1\">Luxofluxo<\/a>, <a href=\"https:\/\/creativecommons.org\/licenses\/by-sa\/4.0\">CC BY-SA 4.0<\/a><\/p>\n\n\n\n<h2 class=\"wp-block-heading\">Der \" Service Juridique \"<\/h2>\n\n\n\n<p>Le \" Service Juridique \" du r\u00e9seau est le centre de comp\u00e9tence interne de toutes les institutions membres pour et contre les abus. Il s'occupe de toutes les questions juridiques, de la conformit\u00e9 et de la coordination des mesures contre les pratiques ill\u00e9gales. Il travaille en Belgique et au Royaume-Uni.<\/p>\n\n\n\n<p><\/p>\n\n\n\n<div style=\"height:330px\" aria-hidden=\"true\" class=\"wp-block-spacer\"><\/div>\n\n\n\n<h2 class=\"wp-block-heading\">Envie de travailler avec nous ?<\/h2>\n\n\n\n<ul class=\"wp-block-list\">\n<li>Vous avez d\u00e9j\u00e0 entendu parler de votre classe d'\u00e2ge ?<\/li>\n\n\n\n<li>Vous n'avez aucun probl\u00e8me \u00e0 ce que les entreprises et les organisations de lobbying (et m\u00eame les gouvernements des \u00c9tats membres) ne soient pas convaincues de la n\u00e9cessit\u00e9 d'agir ?<\/li>\n\n\n\n<li>Vous avez une vue d'ensemble du travail et vous vous heurtez \u00e0 des probl\u00e8mes que vous voulez r\u00e9soudre ? Vous travaillez de mani\u00e8re efficace et prudente ?<\/li>\n\n\n\n<li>Du kennst Dich im Bereich Recht und EU-Politik aus und Du sprichst mindestens drei (Amts-)Sprachen der Europ\u00e4ischen Union (davon mindestens eine der sog. Arbeitssprachen) ?<\/li>\n<\/ul>\n\n\n\n<p>Dann schreib und doch mal eine <strong>Demande d'information<\/strong> (pas de grand message ; \u00e9crivez-nous simplement, si vous avez un profil et si vous \u00eates d'accord avec nous) ! Vielleicht wird etwas draus und wir k\u00f6nnen gemeinsam etwas bewegen ! <\/p>\n\n\n\n<p>Pour un travail dans nos locaux <strong>Conseil jurisprudentiel<\/strong> ist es \u00fcbrigens vorteilhaft, wenn Du trittsicher in den Sprachen Deutsch und Franz\u00f6sisch bist und Englisch schadet hier sicher auch nicht.  <\/p>\n\n\n\n<div style=\"height:330px\" aria-hidden=\"true\" class=\"wp-block-spacer\"><\/div>\n\n\n\n<h2 class=\"wp-block-heading\">FAQ<\/h2>\n\n\n\n<details class=\"wp-block-details is-layout-flow wp-block-details-is-layout-flow\"><summary><strong>Je sais que je suis l'auteur d'un acte de commerce illicite. Je ne sais pas non plus dans quelle cat\u00e9gorie de membres je peux me retrouver. <\/strong><\/summary>\n<p>Toutes les demandes des citoyens sont trait\u00e9es par le Service juridique commun, notre service juridique, en Belgique, pour tous les \u00c9tats membres de l'UE. Le Service juridique s'occupe \u00e9galement de l'acc\u00e8s au march\u00e9 et de la gestion des droits de l'homme. Il a son propre site.<\/p>\n<\/details>\n\n\n\n<details class=\"wp-block-details is-layout-flow wp-block-details-is-layout-flow\"><summary><strong>Le travail dans les r\u00e9gions voisines, notamment Deutschland-Polen et la r\u00e9gion Rhein-Maas, est-il entrav\u00e9 ? <\/strong><\/summary>\n<p>Non. Les fronti\u00e8res r\u00e9gionales ne sont li\u00e9es qu'\u00e0 la structure de notre travail. Si un expatri\u00e9 polonais ou tch\u00e8que, par exemple \u00e0 WhizzBang Rhein-Maas, souhaite s'inscrire, son inscription sera trait\u00e9e par une personne de l'association Viadrina ou du groupe de travail Danubia-Alpes-Adria. <\/p>\n<\/details>\n\n\n\n<details class=\"wp-block-details is-layout-flow wp-block-details-is-layout-flow\"><summary><strong>Pourquoi tant de membres d'Eurer Mitgliedsverb\u00e4nde sont-ils assis en Allemagne ?<\/strong><\/summary>\n<p><\/p>\n<\/details>\n\n\n\n<p>Le droit de la R\u00e9publique f\u00e9d\u00e9rale d'Allemagne n'est pas valable dans toutes ses facettes, il est m\u00eame moderne, mais il n'en demeure pas moins que le droit de la R\u00e9publique f\u00e9d\u00e9rale d'Allemagne n'est pas valable dans toutes ses facettes, il n'en demeure pas moins que le droit de la R\u00e9publique f\u00e9d\u00e9rale d'Allemagne est moderne. <strong>deutsche<\/strong> <strong>Gemeinn\u00fctzigkeitsrecht <\/strong>bietet einen erprobten und stabilen Rechtsrahmen. Alors que de nombreuses entreprises ont \u00e9t\u00e9 class\u00e9es dans la R\u00e9publique f\u00e9d\u00e9rale d'Allemagne en tant que membres du syst\u00e8me de protection, nous sommes li\u00e9s au syst\u00e8me de protection dans le reste de l'Allemagne. <\/p>\n\n\n\n<p><\/p>","protected":false},"excerpt":{"rendered":"<p>WhizzBang ist ein internationales, europ\u00e4isches Netzwerk mit dem Ziel, Expatriates (&#8220;Expats&#8221;) innerhalb der Europ\u00e4ischen Union \u00fcber ihre Verbraucherrechte aufzukl\u00e4ren und ihnen einen verl\u00e4sslichen rechtlichen Rahmen zu garantieren. Das Netzwerk engagiert sich daf\u00fcr, dass Menschen, die in ein anderes EU-Mitgliedsland gezogen sind, ihre Rechte als Verbraucherinnen und Verbraucher kennen, verstehen und einfordern k\u00f6nnen und darum, dass [&hellip;]<\/p>\n","protected":false},"author":1,"featured_media":0,"parent":0,"menu_order":0,"comment_status":"open","ping_status":"open","template":"","meta":{"footnotes":""},"class_list":["post-136","page","type-page","status-publish","hentry"],"_links":{"self":[{"href":"https:\/\/whizzbang.eu\/fr\/wp-json\/wp\/v2\/pages\/136","targetHints":{"allow":["GET"]}}],"collection":[{"href":"https:\/\/whizzbang.eu\/fr\/wp-json\/wp\/v2\/pages"}],"about":[{"href":"https:\/\/whizzbang.eu\/fr\/wp-json\/wp\/v2\/types\/page"}],"author":[{"embeddable":true,"href":"https:\/\/whizzbang.eu\/fr\/wp-json\/wp\/v2\/users\/1"}],"replies":[{"embeddable":true,"href":"https:\/\/whizzbang.eu\/fr\/wp-json\/wp\/v2\/comments?post=136"}],"version-history":[{"count":9,"href":"https:\/\/whizzbang.eu\/fr\/wp-json\/wp\/v2\/pages\/136\/revisions"}],"predecessor-version":[{"id":152,"href":"https:\/\/whizzbang.eu\/fr\/wp-json\/wp\/v2\/pages\/136\/revisions\/152"}],"wp:attachment":[{"href":"https:\/\/whizzbang.eu\/fr\/wp-json\/wp\/v2\/media?parent=136"}],"curies":[{"name":"wp","href":"https:\/\/api.w.org\/{rel}","templated":true}]}}