{"id":64,"date":"2024-06-09T09:02:18","date_gmt":"2024-06-09T07:02:18","guid":{"rendered":"http:\/\/whizzbang.eu\/?page_id=64"},"modified":"2025-01-05T11:54:46","modified_gmt":"2025-01-05T10:54:46","slug":"tabele-dla-emigrantow","status":"publish","type":"page","link":"https:\/\/whizzbang.eu\/pl\/tabele-dla-emigrantow\/","title":{"rendered":"Wszyscy ekspaci, spotkajmy si\u0119 razem"},"content":{"rendered":"<figure class=\"wp-block-image\"><img loading=\"lazy\" decoding=\"async\" width=\"3420\" height=\"1934\" src=\"https:\/\/whizzbang.eu\/wp-content\/uploads\/2025\/01\/Bildschirmfoto-2025-01-05-um-11.23.42.png\" alt=\"\" class=\"wp-image-524\" srcset=\"https:\/\/whizzbang.eu\/wp-content\/uploads\/2025\/01\/Bildschirmfoto-2025-01-05-um-11.23.42.png 3420w, https:\/\/whizzbang.eu\/wp-content\/uploads\/2025\/01\/Bildschirmfoto-2025-01-05-um-11.23.42-300x170.png 300w, https:\/\/whizzbang.eu\/wp-content\/uploads\/2025\/01\/Bildschirmfoto-2025-01-05-um-11.23.42-1024x579.png 1024w, https:\/\/whizzbang.eu\/wp-content\/uploads\/2025\/01\/Bildschirmfoto-2025-01-05-um-11.23.42-768x434.png 768w, https:\/\/whizzbang.eu\/wp-content\/uploads\/2025\/01\/Bildschirmfoto-2025-01-05-um-11.23.42-1536x869.png 1536w, https:\/\/whizzbang.eu\/wp-content\/uploads\/2025\/01\/Bildschirmfoto-2025-01-05-um-11.23.42-2048x1158.png 2048w, https:\/\/whizzbang.eu\/wp-content\/uploads\/2025\/01\/Bildschirmfoto-2025-01-05-um-11.23.42-18x10.png 18w\" sizes=\"auto, (max-width: 3420px) 100vw, 3420px\" \/><figcaption class=\"wp-element-caption\">Kassel, Niemcy<\/figcaption><\/figure>\n\n\n\n<p>Niemiecki jest dobrze znany z tworzenia dziwacznych s\u0142\u00f3w, takich jak \"Rindfleischetikettierungs\u00fcberwachungsaufgaben\u00fcbertragungsgesetz\" (kt\u00f3ry by\u0142 <a href=\"https:\/\/en.wikipedia.org\/wiki\/Rinderkennzeichnungs-_und_Rindfleischetikettierungs\u00fcberwachungsaufgaben\u00fcbertragungsgesetz\">rzeczywiste prawo, w skr\u00f3cie RkRe\u00dcA\u00dcG<\/a>), ale cz\u0119sto produkuje te\u017c ca\u0142kiem zgrabne, jak \"<strong>Przedszkole<\/strong>\", \"<strong>Wanderlust<\/strong>\" (<a href=\"https:\/\/www.arte.tv\/fr\/videos\/111210-000-A\/wanderlust\/\">arte.tv<\/a>), \"<strong>Wegbier<\/strong>\" (<a href=\"https:\/\/www.arte.tv\/fr\/videos\/109973-000-A\/le-wegbier\/\">arte.tv<\/a>), \"<strong>Ohrwurm<\/strong>\" (<a href=\"https:\/\/www.arte.tv\/fr\/videos\/109751-000-A\/ohrwurm\/\">arte.tv<\/a>), \"<strong>Sp\u00e4ti<\/strong>\" (<a href=\"https:\/\/www.arte.tv\/fr\/videos\/107615-000-A\/le-spaeti\/\">arte.tv<\/a>), \"<strong>Feierabend<\/strong>\" (<a href=\"https:\/\/www.arte.tv\/fr\/videos\/122722-000-A\/feierabend\/\">arte.tv<\/a>). Jednym ze s\u0142\u00f3w, kt\u00f3re s\u0105 nam drogie, jest \"<strong>Stammtisch<\/strong>\", lub jak my to nazywamy \"shdammtish\", z liczb\u0105 mnog\u0105 \"shdammtishs\" lub \"shdammtishes\". <\/p>\n\n\n\n<p>\"Shdamtish\" oczywi\u015bcie kpi z niemieckiego s\u0142owa \"Stammtisch\", wi\u0119c wyja\u015bnijmy: \"Stammtisch\" zazwyczaj opisuje nieformalne, ale regularne spotkanie w miejscu publicznym (cz\u0119sto w restauracji), kt\u00f3re oferuje przyzwoity poziom \"gem\u00fctlichkeit\". Je\u015bli pochodzisz z kraju, w kt\u00f3rym istnieje tradycja pub\u00f3w, pomy\u015bl: \"Ekspaci w pubie\", ale mo\u017ce to by\u0107 r\u00f3wnie\u017c kawiarnia, klub towarzyski lub piekarnia i nie musi by\u0107 tam alkohol i mo\u017cesz po prostu wpa\u015b\u0107. Tradycyjnie Stammtisch by\u0142 miejscem spotka\u0144 lokalnych elit wiejskich, np. lekarza, nauczyciela, ksi\u0119dza, rolnika i sklepikarza, ale by\u0142 r\u00f3wnie\u017c otwarty dla innych. W Stammtisch \u017cartowano i dyskutowano bez temat\u00f3w tabu. Mo\u017cna tam rozmawia\u0107 o polityce, religii lub innych dra\u017cliwych tematach, ale pod warunkiem, \u017ce cho\u0107 mo\u017cna si\u0119 k\u0142\u00f3ci\u0107, zawsze wyjdzie si\u0119 z tego w przyjaznych stosunkach i bez urazy. Wi\u0119c w Stammtisch k\u0142\u00f3tnie mog\u0105 czasami lata\u0107, ale w ko\u0144cu.<\/p>\n\n\n\n<p>Chocia\u017c k\u0142adziemy niewielki nacisk na pochodzenie spo\u0142eczne, w naszym \"shdamtish\" masz szans\u0119 sta\u0107 si\u0119 cz\u0119\u015bci\u0105 t\u0119tni\u0105cej \u017cyciem spo\u0142eczno\u015bci.&nbsp;<strong>spo\u0142eczno\u015b\u0107 ekspat\u00f3w<\/strong>! Mo\u017cesz te\u017c pozna\u0107 innych emigrant\u00f3w w Twojej okolicy, nawi\u0105za\u0107 nowe znajomo\u015bci i cenne kontakty. <strong>Wymiana<\/strong> <strong>do\u015bwiadczenia<\/strong> oraz <strong>uczy\u0107 si\u0119 od siebie nawzajem<\/strong> i porady - niezale\u017cnie od tego, czy chodzi o to, jak porusza\u0107 si\u0119 po biurokracji, r\u00f3\u017cnicach kulturowych czy milionach codziennych wyzwa\u0144, kt\u00f3re napotykasz jako emigrant.<\/p>\n\n\n\n<p>Dlatego nasze regularne stoliki oferuj\u0105 praktyczne wskaz\u00f3wki i informacje na wa\u017cne tematy, takie jak prawa konsument\u00f3w, system opieki zdrowotnej i integracja. Wsp\u00f3lnie zapewniamy wsparcie i porady, aby \u017cycie w nowym \u015brodowisku by\u0142o \u0142atwiejsze i przyjemniejsze.<\/p>\n\n\n\n<p><strong>Nie obawiaj si\u0119 bariery j\u0119zykowej<\/strong>to si\u0119 uda!<\/p>\n\n\n\n<div class=\"wp-block-buttons is-content-justification-center is-layout-flex wp-container-core-buttons-is-layout-a89b3969 wp-block-buttons-is-layout-flex\">\n<div class=\"wp-block-button\"><a class=\"wp-block-button__link has-text-align-center wp-element-button\" href=\"https:\/\/www.meetup.com\">Przejd\u017a do Meetup...<\/a><\/div>\n<\/div>\n\n\n\n<p class=\"has-text-align-center has-small-font-size\">Organizujemy nasze \"Stammtische\" na \"Meetup\"<\/p>\n\n\n\n<div style=\"height:60px\" aria-hidden=\"true\" class=\"wp-block-spacer\"><\/div>\n\n\n\n<figure class=\"wp-block-gallery has-nested-images columns-default is-cropped wp-block-gallery-1 is-layout-flex wp-block-gallery-is-layout-flex\">\n<figure class=\"wp-block-image size-large\"><img loading=\"lazy\" decoding=\"async\" width=\"1024\" height=\"770\" data-id=\"529\" src=\"https:\/\/whizzbang.eu\/wp-content\/uploads\/2025\/01\/Bildschirmfoto-2025-01-05-um-11.34.12-1024x770.png\" alt=\"\" class=\"wp-image-529\" srcset=\"https:\/\/whizzbang.eu\/wp-content\/uploads\/2025\/01\/Bildschirmfoto-2025-01-05-um-11.34.12-1024x770.png 1024w, https:\/\/whizzbang.eu\/wp-content\/uploads\/2025\/01\/Bildschirmfoto-2025-01-05-um-11.34.12-300x226.png 300w, https:\/\/whizzbang.eu\/wp-content\/uploads\/2025\/01\/Bildschirmfoto-2025-01-05-um-11.34.12-768x577.png 768w, https:\/\/whizzbang.eu\/wp-content\/uploads\/2025\/01\/Bildschirmfoto-2025-01-05-um-11.34.12-1536x1155.png 1536w, https:\/\/whizzbang.eu\/wp-content\/uploads\/2025\/01\/Bildschirmfoto-2025-01-05-um-11.34.12-2048x1540.png 2048w, https:\/\/whizzbang.eu\/wp-content\/uploads\/2025\/01\/Bildschirmfoto-2025-01-05-um-11.34.12-16x12.png 16w\" sizes=\"auto, (max-width: 1024px) 100vw, 1024px\" \/><figcaption class=\"wp-element-caption\">Montpellier, Francja<\/figcaption><\/figure>\n\n\n\n<figure class=\"wp-block-image size-large\"><img loading=\"lazy\" decoding=\"async\" width=\"1024\" height=\"577\" data-id=\"528\" src=\"https:\/\/whizzbang.eu\/wp-content\/uploads\/2025\/01\/Bildschirmfoto-2025-01-05-um-11.29.57-1024x577.png\" alt=\"\" class=\"wp-image-528\" srcset=\"https:\/\/whizzbang.eu\/wp-content\/uploads\/2025\/01\/Bildschirmfoto-2025-01-05-um-11.29.57-1024x577.png 1024w, https:\/\/whizzbang.eu\/wp-content\/uploads\/2025\/01\/Bildschirmfoto-2025-01-05-um-11.29.57-300x169.png 300w, https:\/\/whizzbang.eu\/wp-content\/uploads\/2025\/01\/Bildschirmfoto-2025-01-05-um-11.29.57-768x433.png 768w, https:\/\/whizzbang.eu\/wp-content\/uploads\/2025\/01\/Bildschirmfoto-2025-01-05-um-11.29.57-1536x866.png 1536w, https:\/\/whizzbang.eu\/wp-content\/uploads\/2025\/01\/Bildschirmfoto-2025-01-05-um-11.29.57-2048x1155.png 2048w, https:\/\/whizzbang.eu\/wp-content\/uploads\/2025\/01\/Bildschirmfoto-2025-01-05-um-11.29.57-18x10.png 18w\" sizes=\"auto, (max-width: 1024px) 100vw, 1024px\" \/><figcaption class=\"wp-element-caption\">Lublana, S\u0142owenia<\/figcaption><\/figure>\n\n\n\n<figure class=\"wp-block-image size-large\"><img loading=\"lazy\" decoding=\"async\" width=\"1024\" height=\"742\" data-id=\"527\" src=\"https:\/\/whizzbang.eu\/wp-content\/uploads\/2025\/01\/Bildschirmfoto-2025-01-05-um-11.28.10-1024x742.png\" alt=\"\" class=\"wp-image-527\" srcset=\"https:\/\/whizzbang.eu\/wp-content\/uploads\/2025\/01\/Bildschirmfoto-2025-01-05-um-11.28.10-1024x742.png 1024w, https:\/\/whizzbang.eu\/wp-content\/uploads\/2025\/01\/Bildschirmfoto-2025-01-05-um-11.28.10-300x217.png 300w, https:\/\/whizzbang.eu\/wp-content\/uploads\/2025\/01\/Bildschirmfoto-2025-01-05-um-11.28.10-768x556.png 768w, https:\/\/whizzbang.eu\/wp-content\/uploads\/2025\/01\/Bildschirmfoto-2025-01-05-um-11.28.10-1536x1113.png 1536w, https:\/\/whizzbang.eu\/wp-content\/uploads\/2025\/01\/Bildschirmfoto-2025-01-05-um-11.28.10-2048x1484.png 2048w, https:\/\/whizzbang.eu\/wp-content\/uploads\/2025\/01\/Bildschirmfoto-2025-01-05-um-11.28.10-18x12.png 18w\" sizes=\"auto, (max-width: 1024px) 100vw, 1024px\" \/><figcaption class=\"wp-element-caption\">Kassel, Niemcy<\/figcaption><\/figure>\n\n\n\n<figure class=\"wp-block-image size-large\"><img loading=\"lazy\" decoding=\"async\" width=\"768\" height=\"1024\" data-id=\"526\" src=\"https:\/\/whizzbang.eu\/wp-content\/uploads\/2025\/01\/Bildschirmfoto-2025-01-05-um-11.26.31-768x1024.png\" alt=\"\" class=\"wp-image-526\" srcset=\"https:\/\/whizzbang.eu\/wp-content\/uploads\/2025\/01\/Bildschirmfoto-2025-01-05-um-11.26.31-768x1025.png 768w, https:\/\/whizzbang.eu\/wp-content\/uploads\/2025\/01\/Bildschirmfoto-2025-01-05-um-11.26.31-225x300.png 225w, https:\/\/whizzbang.eu\/wp-content\/uploads\/2025\/01\/Bildschirmfoto-2025-01-05-um-11.26.31-1151x1536.png 1151w, https:\/\/whizzbang.eu\/wp-content\/uploads\/2025\/01\/Bildschirmfoto-2025-01-05-um-11.26.31-1535x2048.png 1535w, https:\/\/whizzbang.eu\/wp-content\/uploads\/2025\/01\/Bildschirmfoto-2025-01-05-um-11.26.31-9x12.png 9w, https:\/\/whizzbang.eu\/wp-content\/uploads\/2025\/01\/Bildschirmfoto-2025-01-05-um-11.26.31.png 1604w\" sizes=\"auto, (max-width: 768px) 100vw, 768px\" \/><figcaption class=\"wp-element-caption\">Awinion, Francja<\/figcaption><\/figure>\n\n\n\n<figure class=\"wp-block-image size-large\"><img loading=\"lazy\" decoding=\"async\" width=\"1024\" height=\"743\" data-id=\"525\" src=\"https:\/\/whizzbang.eu\/wp-content\/uploads\/2025\/01\/Bildschirmfoto-2025-01-05-um-11.24.46-1024x743.png\" alt=\"\" class=\"wp-image-525\" srcset=\"https:\/\/whizzbang.eu\/wp-content\/uploads\/2025\/01\/Bildschirmfoto-2025-01-05-um-11.24.46-1024x743.png 1024w, https:\/\/whizzbang.eu\/wp-content\/uploads\/2025\/01\/Bildschirmfoto-2025-01-05-um-11.24.46-300x218.png 300w, https:\/\/whizzbang.eu\/wp-content\/uploads\/2025\/01\/Bildschirmfoto-2025-01-05-um-11.24.46-768x558.png 768w, https:\/\/whizzbang.eu\/wp-content\/uploads\/2025\/01\/Bildschirmfoto-2025-01-05-um-11.24.46-1536x1115.png 1536w, https:\/\/whizzbang.eu\/wp-content\/uploads\/2025\/01\/Bildschirmfoto-2025-01-05-um-11.24.46-2048x1487.png 2048w, https:\/\/whizzbang.eu\/wp-content\/uploads\/2025\/01\/Bildschirmfoto-2025-01-05-um-11.24.46-18x12.png 18w\" sizes=\"auto, (max-width: 1024px) 100vw, 1024px\" \/><figcaption class=\"wp-element-caption\">Augsburg, Niemcy<\/figcaption><\/figure>\n\n\n\n<figure class=\"wp-block-image size-large\"><img loading=\"lazy\" decoding=\"async\" width=\"1024\" height=\"579\" data-id=\"524\" src=\"https:\/\/whizzbang.eu\/wp-content\/uploads\/2025\/01\/Bildschirmfoto-2025-01-05-um-11.23.42-1024x579.png\" alt=\"\" class=\"wp-image-524\" srcset=\"https:\/\/whizzbang.eu\/wp-content\/uploads\/2025\/01\/Bildschirmfoto-2025-01-05-um-11.23.42-1024x579.png 1024w, https:\/\/whizzbang.eu\/wp-content\/uploads\/2025\/01\/Bildschirmfoto-2025-01-05-um-11.23.42-300x170.png 300w, https:\/\/whizzbang.eu\/wp-content\/uploads\/2025\/01\/Bildschirmfoto-2025-01-05-um-11.23.42-768x434.png 768w, https:\/\/whizzbang.eu\/wp-content\/uploads\/2025\/01\/Bildschirmfoto-2025-01-05-um-11.23.42-1536x869.png 1536w, https:\/\/whizzbang.eu\/wp-content\/uploads\/2025\/01\/Bildschirmfoto-2025-01-05-um-11.23.42-2048x1158.png 2048w, https:\/\/whizzbang.eu\/wp-content\/uploads\/2025\/01\/Bildschirmfoto-2025-01-05-um-11.23.42-18x10.png 18w\" sizes=\"auto, (max-width: 1024px) 100vw, 1024px\" \/><figcaption class=\"wp-element-caption\">Bruksela, Niemcy<\/figcaption><\/figure>\n\n\n\n<figure class=\"wp-block-image size-large\"><img loading=\"lazy\" decoding=\"async\" width=\"768\" height=\"1024\" data-id=\"137\" src=\"https:\/\/whizzbang.eu\/wp-content\/uploads\/2024\/12\/IMG_7318-768x1024.jpg\" alt=\"\" class=\"wp-image-137\" srcset=\"https:\/\/whizzbang.eu\/wp-content\/uploads\/2024\/12\/IMG_7318-768x1024.jpg 768w, https:\/\/whizzbang.eu\/wp-content\/uploads\/2024\/12\/IMG_7318-225x300.jpg 225w, https:\/\/whizzbang.eu\/wp-content\/uploads\/2024\/12\/IMG_7318-1152x1536.jpg 1152w, https:\/\/whizzbang.eu\/wp-content\/uploads\/2024\/12\/IMG_7318-1536x2048.jpg 1536w, https:\/\/whizzbang.eu\/wp-content\/uploads\/2024\/12\/IMG_7318-9x12.jpg 9w, https:\/\/whizzbang.eu\/wp-content\/uploads\/2024\/12\/IMG_7318-scaled.jpg 1920w\" sizes=\"auto, (max-width: 768px) 100vw, 768px\" \/><figcaption class=\"wp-element-caption\">Akwizgran, Niemcy<\/figcaption><\/figure>\n\n\n\n<figure class=\"wp-block-image size-large\"><img loading=\"lazy\" decoding=\"async\" width=\"768\" height=\"1024\" data-id=\"531\" src=\"https:\/\/whizzbang.eu\/wp-content\/uploads\/2025\/01\/IMG_7450-768x1024.jpg\" alt=\"\" class=\"wp-image-531\" srcset=\"https:\/\/whizzbang.eu\/wp-content\/uploads\/2025\/01\/IMG_7450-768x1024.jpg 768w, https:\/\/whizzbang.eu\/wp-content\/uploads\/2025\/01\/IMG_7450-225x300.jpg 225w, https:\/\/whizzbang.eu\/wp-content\/uploads\/2025\/01\/IMG_7450-1152x1536.jpg 1152w, https:\/\/whizzbang.eu\/wp-content\/uploads\/2025\/01\/IMG_7450-1536x2048.jpg 1536w, https:\/\/whizzbang.eu\/wp-content\/uploads\/2025\/01\/IMG_7450-9x12.jpg 9w, https:\/\/whizzbang.eu\/wp-content\/uploads\/2025\/01\/IMG_7450-scaled.jpg 1920w\" sizes=\"auto, (max-width: 768px) 100vw, 768px\" \/><figcaption class=\"wp-element-caption\">Gent, Belgia<\/figcaption><\/figure>\n\n\n\n<figure class=\"wp-block-image size-large\"><img loading=\"lazy\" decoding=\"async\" width=\"1024\" height=\"768\" data-id=\"532\" src=\"https:\/\/whizzbang.eu\/wp-content\/uploads\/2025\/01\/IMG_0860-1024x768.jpg\" alt=\"\" class=\"wp-image-532\" srcset=\"https:\/\/whizzbang.eu\/wp-content\/uploads\/2025\/01\/IMG_0860-1024x768.jpg 1024w, https:\/\/whizzbang.eu\/wp-content\/uploads\/2025\/01\/IMG_0860-300x225.jpg 300w, https:\/\/whizzbang.eu\/wp-content\/uploads\/2025\/01\/IMG_0860-768x576.jpg 768w, https:\/\/whizzbang.eu\/wp-content\/uploads\/2025\/01\/IMG_0860-1536x1152.jpg 1536w, https:\/\/whizzbang.eu\/wp-content\/uploads\/2025\/01\/IMG_0860-2048x1536.jpg 2048w, https:\/\/whizzbang.eu\/wp-content\/uploads\/2025\/01\/IMG_0860-16x12.jpg 16w\" sizes=\"auto, (max-width: 1024px) 100vw, 1024px\" \/><figcaption class=\"wp-element-caption\">Antwarps, Holandia<\/figcaption><\/figure>\n\n\n\n<figure class=\"wp-block-image size-large\"><img loading=\"lazy\" decoding=\"async\" width=\"1024\" height=\"768\" data-id=\"533\" src=\"https:\/\/whizzbang.eu\/wp-content\/uploads\/2025\/01\/IMG_3186-1024x768.jpg\" alt=\"\" class=\"wp-image-533\" srcset=\"https:\/\/whizzbang.eu\/wp-content\/uploads\/2025\/01\/IMG_3186-1024x768.jpg 1024w, https:\/\/whizzbang.eu\/wp-content\/uploads\/2025\/01\/IMG_3186-300x225.jpg 300w, https:\/\/whizzbang.eu\/wp-content\/uploads\/2025\/01\/IMG_3186-768x576.jpg 768w, https:\/\/whizzbang.eu\/wp-content\/uploads\/2025\/01\/IMG_3186-1536x1152.jpg 1536w, https:\/\/whizzbang.eu\/wp-content\/uploads\/2025\/01\/IMG_3186-2048x1536.jpg 2048w, https:\/\/whizzbang.eu\/wp-content\/uploads\/2025\/01\/IMG_3186-16x12.jpg 16w\" sizes=\"auto, (max-width: 1024px) 100vw, 1024px\" \/><figcaption class=\"wp-element-caption\">Besan\u00e7on, Francja<\/figcaption><\/figure>\n<\/figure>\n\n\n\n<p><\/p>","protected":false},"excerpt":{"rendered":"<p>German is well known for producing quirky words, like &#8220;Rindfleisch\u00adetiket\u00adtierungs\u00ad\u00fcber\u00adwachungs\u00adaufgaben\u00ad\u00fcber\u00adtragungs\u00adge\u00adsetz&#8221; (which was an actual law, abbreviated as RkRe\u00dcA\u00dcG), but often it also produces pretty neat ones, like &#8220;Kindergarten&#8220;, &#8220;Wanderlust&#8221; (arte.tv), &#8220;Wegbier&#8221; (arte.tv), &#8220;Ohrwurm&#8221; (arte.tv), &#8220;Sp\u00e4ti&#8221; (arte.tv), &#8220;Feierabend&#8221; (arte.tv), too. One of the words we hold dear is &#8220;Stammtisch&#8220;, or as we call it \u201cshdammtish\u201d, with [&hellip;]<\/p>\n","protected":false},"author":1,"featured_media":524,"parent":0,"menu_order":0,"comment_status":"closed","ping_status":"closed","template":"","meta":{"footnotes":""},"class_list":["post-64","page","type-page","status-publish","has-post-thumbnail","hentry"],"_links":{"self":[{"href":"https:\/\/whizzbang.eu\/pl\/wp-json\/wp\/v2\/pages\/64","targetHints":{"allow":["GET"]}}],"collection":[{"href":"https:\/\/whizzbang.eu\/pl\/wp-json\/wp\/v2\/pages"}],"about":[{"href":"https:\/\/whizzbang.eu\/pl\/wp-json\/wp\/v2\/types\/page"}],"author":[{"embeddable":true,"href":"https:\/\/whizzbang.eu\/pl\/wp-json\/wp\/v2\/users\/1"}],"replies":[{"embeddable":true,"href":"https:\/\/whizzbang.eu\/pl\/wp-json\/wp\/v2\/comments?post=64"}],"version-history":[{"count":7,"href":"https:\/\/whizzbang.eu\/pl\/wp-json\/wp\/v2\/pages\/64\/revisions"}],"predecessor-version":[{"id":534,"href":"https:\/\/whizzbang.eu\/pl\/wp-json\/wp\/v2\/pages\/64\/revisions\/534"}],"wp:featuredmedia":[{"embeddable":true,"href":"https:\/\/whizzbang.eu\/pl\/wp-json\/wp\/v2\/media\/524"}],"wp:attachment":[{"href":"https:\/\/whizzbang.eu\/pl\/wp-json\/wp\/v2\/media?parent=64"}],"curies":[{"name":"wp","href":"https:\/\/api.w.org\/{rel}","templated":true}]}}